{"id":9983,"date":"2016-06-09T15:30:08","date_gmt":"2016-06-09T13:30:08","guid":{"rendered":"https:\/\/fit360.ee\/shop\/maaratlemata\/bcaa-300-caps\/"},"modified":"2022-09-17T06:44:23","modified_gmt":"2022-09-17T04:44:23","slug":"bcaa-300-caps","status":"publish","type":"product","link":"https:\/\/fit360.ee\/en\/pood\/product-groups\/amino-acids-bcaa\/bcaa-en\/bcaa-300-caps\/","title":{"rendered":"BCAA (300 caps)"},"content":{"rendered":"<p><strong>Ingredients:\u00a0<\/strong>L-leucine, L-valine, L-isoleucine, gelatine (capsule coating), water (capsule coating), titanium dioxide (pigment)<\/p>\n<p><strong>How to use<\/strong>: Take 1 serving of the product (5\u00a0capsules) once a day. Do not exceed the maximum dosage of 1 serving (5\u00a0capsules) per day.<\/p>\n<p><strong>Storage<\/strong>: Store in a cool and dry place, protect against light.<\/p>\n<p><strong>Package contents<\/strong>: 300 caps &#8211; 60 servings. <strong>Net capsule weigh<\/strong>t: 1100mg<\/p>\n<table style=\"height: 129px;\" width=\"672\">\n<tbody>\n<tr style=\"height: 21.8229px;\">\n<td style=\"height: 21.8229px; width: 195.799px;\"><strong>Active ingredients<\/strong><\/td>\n<td style=\"height: 21.8229px; width: 142.465px;\"><strong>1 capsule:<\/strong><\/td>\n<td style=\"height: 21.8229px; width: 104.688px;\"><strong>%RDA<\/strong><\/td>\n<td style=\"height: 21.8229px; width: 203.576px;\"><strong>1 serving (5 capsules)<\/strong><\/td>\n<\/tr>\n<tr style=\"height: 21px;\">\n<td style=\"height: 21px; width: 195.799px;\">BCAA 2:1:1 including:<\/td>\n<td style=\"height: 21px; width: 142.465px;\">1100 mg<\/td>\n<td style=\"height: 21px; width: 104.688px;\">**<\/td>\n<td style=\"height: 21px; width: 203.576px;\">5500 mg<\/td>\n<\/tr>\n<tr style=\"height: 21px;\">\n<td style=\"height: 21px; width: 195.799px;\">L-leucine<\/td>\n<td style=\"height: 21px; width: 142.465px;\">550 mg<\/td>\n<td style=\"height: 21px; width: 104.688px;\">**<\/td>\n<td style=\"height: 21px; width: 203.576px;\">2750 mg<\/td>\n<\/tr>\n<tr style=\"height: 21px;\">\n<td style=\"height: 21px; width: 195.799px;\">L-isoleucine<\/td>\n<td style=\"height: 21px; width: 142.465px;\">275 mg<\/td>\n<td style=\"height: 21px; width: 104.688px;\">**<\/td>\n<td style=\"height: 21px; width: 203.576px;\">1375 mg<\/td>\n<\/tr>\n<tr style=\"height: 21px;\">\n<td style=\"height: 21px; width: 195.799px;\">L-valine<\/td>\n<td style=\"height: 21px; width: 142.465px;\">275 mg<\/td>\n<td style=\"height: 21px; width: 104.688px;\">**<\/td>\n<td style=\"height: 21px; width: 203.576px;\">1375 mg<\/td>\n<\/tr>\n<\/tbody>\n<\/table>\n","protected":false},"excerpt":{"rendered":"<p><strong>BCAA 300 caps:<\/strong><\/p>\n<ul>\n<li>Maximum effectiveness of each training<\/li>\n<li>Better physical form and enlarged motivation<\/li>\n<li>Maximize the muscle gain speed, effectiveness and strength<\/li>\n<li>Build up lean body mass<\/li>\n<li>Accelerates protein synthesis<\/li>\n<\/ul>\n<p><strong>BCAA Real Pharm 300caps<\/strong> is a top quality product that provides as much as 5500mg of pure BCAAs in 5\u00a0capsules.<br \/>\nThe product has a positive influence on training efficiency and regeneration of your body by restraining catabolic processes and providing the anabolic effect. At the same time it helps you to build up lean body mass and accelerates protein synthesis.<\/p>\n<p>During workout, nutrient requirements rise, and an ideal response to this is Real Pharm\u2019s BCAA 300caps. The product <strong>does<\/strong> <strong>not contain fillers<\/strong> such as taurine or amino acids other than branched-chain amino acids!!! Trust the professionals \u2013 choose high quality BCAA Real Pharm.<\/p>\n<p>&nbsp;<\/p>\n","protected":false},"featured_media":37783,"comment_status":"open","ping_status":"closed","template":"","meta":[],"product_brand":[],"product_cat":[520,2299,2331,2335,515],"product_tag":[1787,1791,2104,1803],"giftcard-category":[],"class_list":{"0":"post-9983","1":"product","2":"type-product","3":"status-publish","4":"has-post-thumbnail","6":"product_cat-amino-acids-bcaa","7":"product_cat-bcaa-en","8":"product_cat-essential-amino-acids-eaa-en","9":"product_cat-leucine-en","10":"product_cat-real-pharm","11":"product_tag-aminohapped-en","12":"product_tag-bcaa-en","13":"product_tag-bcaa-kapslid-en","14":"product_tag-real-pharm-en","15":"pa_toidulisand-branddd-real-pharm","16":"pa_tootegruppp-amino-acidsbcaa","17":"pa_tootegruppp-asendamatud-aminohapped-eaa-en","18":"pa_tootegruppp-bcaa-en","19":"pa_tootegruppp-leutsiin-en","21":"first","22":"instock","23":"sale","24":"taxable","25":"shipping-taxable","26":"purchasable","27":"product-type-simple"},"yoast_head":"<!-- This site is optimized with the Yoast SEO plugin v27.3 - https:\/\/yoast.com\/product\/yoast-seo-wordpress\/ -->\n<title>BCAA kapslid (300caps) - Aminohapped - BCAA - Kiire tarne: 1-3 p\u00e4eva<\/title>\n<meta name=\"description\" content=\"BCAA kapslid toetavad normaalset valgu ja gl\u00fckogeeni ainevahetust ning v\u00e4simuse ja kurnatuse v\u00e4hendamist. Tarbi BCAA-d mugavamalt - vali kapslid.\" \/>\n<meta name=\"robots\" content=\"index, follow, max-snippet:-1, max-image-preview:large, max-video-preview:-1\" \/>\n<link rel=\"canonical\" href=\"https:\/\/fit360.ee\/en\/pood\/product-groups\/amino-acids-bcaa\/bcaa-en\/bcaa-300-caps\/\" \/>\n<meta property=\"og:locale\" content=\"en_US\" \/>\n<meta property=\"og:type\" content=\"article\" \/>\n<meta property=\"og:title\" content=\"BCAA kapslid (300caps) - Aminohapped - BCAA - Kiire tarne: 1-3 p\u00e4eva\" \/>\n<meta property=\"og:description\" content=\"BCAA kapslid toetavad normaalset valgu ja gl\u00fckogeeni ainevahetust ning v\u00e4simuse ja kurnatuse v\u00e4hendamist. Tarbi BCAA-d mugavamalt - vali kapslid.\" \/>\n<meta property=\"og:url\" content=\"https:\/\/fit360.ee\/en\/pood\/product-groups\/amino-acids-bcaa\/bcaa-en\/bcaa-300-caps\/\" \/>\n<meta property=\"og:site_name\" content=\"Fit360\" \/>\n<meta property=\"article:modified_time\" content=\"2022-09-17T04:44:23+00:00\" \/>\n<meta property=\"og:image\" content=\"https:\/\/fit360.ee\/wp-content\/uploads\/2016\/06\/real-pharm-bcaa-1100mg-300-caps.png\" \/>\n\t<meta property=\"og:image:width\" content=\"600\" \/>\n\t<meta property=\"og:image:height\" content=\"600\" \/>\n\t<meta property=\"og:image:type\" content=\"image\/png\" \/>\n<meta name=\"twitter:card\" content=\"summary_large_image\" \/>\n<script type=\"application\/ld+json\" class=\"yoast-schema-graph\">{\"@context\":\"https:\\\/\\\/schema.org\",\"@graph\":[{\"@type\":\"WebPage\",\"@id\":\"https:\\\/\\\/fit360.ee\\\/en\\\/pood\\\/product-groups\\\/amino-acids-bcaa\\\/bcaa-en\\\/bcaa-300-caps\\\/\",\"url\":\"https:\\\/\\\/fit360.ee\\\/en\\\/pood\\\/product-groups\\\/amino-acids-bcaa\\\/bcaa-en\\\/bcaa-300-caps\\\/\",\"name\":\"BCAA kapslid (300caps) - Aminohapped - BCAA - Kiire tarne: 1-3 p\u00e4eva\",\"isPartOf\":{\"@id\":\"https:\\\/\\\/fit360.ee\\\/en\\\/#website\"},\"primaryImageOfPage\":{\"@id\":\"https:\\\/\\\/fit360.ee\\\/en\\\/pood\\\/product-groups\\\/amino-acids-bcaa\\\/bcaa-en\\\/bcaa-300-caps\\\/#primaryimage\"},\"image\":{\"@id\":\"https:\\\/\\\/fit360.ee\\\/en\\\/pood\\\/product-groups\\\/amino-acids-bcaa\\\/bcaa-en\\\/bcaa-300-caps\\\/#primaryimage\"},\"thumbnailUrl\":\"https:\\\/\\\/fit360.ee\\\/wp-content\\\/uploads\\\/2016\\\/06\\\/real-pharm-bcaa-1100mg-300-caps.png\",\"datePublished\":\"2016-06-09T13:30:08+00:00\",\"dateModified\":\"2022-09-17T04:44:23+00:00\",\"description\":\"BCAA kapslid toetavad normaalset valgu ja gl\u00fckogeeni ainevahetust ning v\u00e4simuse ja kurnatuse v\u00e4hendamist. Tarbi BCAA-d mugavamalt - vali kapslid.\",\"breadcrumb\":{\"@id\":\"https:\\\/\\\/fit360.ee\\\/en\\\/pood\\\/product-groups\\\/amino-acids-bcaa\\\/bcaa-en\\\/bcaa-300-caps\\\/#breadcrumb\"},\"inLanguage\":\"en-US\",\"potentialAction\":[{\"@type\":\"ReadAction\",\"target\":[\"https:\\\/\\\/fit360.ee\\\/en\\\/pood\\\/product-groups\\\/amino-acids-bcaa\\\/bcaa-en\\\/bcaa-300-caps\\\/\"]}]},{\"@type\":\"ImageObject\",\"inLanguage\":\"en-US\",\"@id\":\"https:\\\/\\\/fit360.ee\\\/en\\\/pood\\\/product-groups\\\/amino-acids-bcaa\\\/bcaa-en\\\/bcaa-300-caps\\\/#primaryimage\",\"url\":\"https:\\\/\\\/fit360.ee\\\/wp-content\\\/uploads\\\/2016\\\/06\\\/real-pharm-bcaa-1100mg-300-caps.png\",\"contentUrl\":\"https:\\\/\\\/fit360.ee\\\/wp-content\\\/uploads\\\/2016\\\/06\\\/real-pharm-bcaa-1100mg-300-caps.png\",\"width\":600,\"height\":600,\"caption\":\"BCAA kapslid - fit360.ee\"},{\"@type\":\"BreadcrumbList\",\"@id\":\"https:\\\/\\\/fit360.ee\\\/en\\\/pood\\\/product-groups\\\/amino-acids-bcaa\\\/bcaa-en\\\/bcaa-300-caps\\\/#breadcrumb\",\"itemListElement\":[{\"@type\":\"ListItem\",\"position\":1,\"name\":\"Home\",\"item\":\"https:\\\/\\\/fit360.ee\\\/en\\\/\"},{\"@type\":\"ListItem\",\"position\":2,\"name\":\"Shop\",\"item\":\"https:\\\/\\\/fit360.ee\\\/en\\\/shop\\\/\"},{\"@type\":\"ListItem\",\"position\":3,\"name\":\"BCAA (300 caps)\"}]},{\"@type\":\"WebSite\",\"@id\":\"https:\\\/\\\/fit360.ee\\\/en\\\/#website\",\"url\":\"https:\\\/\\\/fit360.ee\\\/en\\\/\",\"name\":\"Fit360\",\"description\":\"\",\"publisher\":{\"@id\":\"https:\\\/\\\/fit360.ee\\\/en\\\/#organization\"},\"potentialAction\":[{\"@type\":\"SearchAction\",\"target\":{\"@type\":\"EntryPoint\",\"urlTemplate\":\"https:\\\/\\\/fit360.ee\\\/en\\\/?s={search_term_string}\"},\"query-input\":{\"@type\":\"PropertyValueSpecification\",\"valueRequired\":true,\"valueName\":\"search_term_string\"}}],\"inLanguage\":\"en-US\"},{\"@type\":\"Organization\",\"@id\":\"https:\\\/\\\/fit360.ee\\\/en\\\/#organization\",\"name\":\"Fit360\",\"url\":\"https:\\\/\\\/fit360.ee\\\/en\\\/\",\"logo\":{\"@type\":\"ImageObject\",\"inLanguage\":\"en-US\",\"@id\":\"https:\\\/\\\/fit360.ee\\\/en\\\/#\\\/schema\\\/logo\\\/image\\\/\",\"url\":\"https:\\\/\\\/fit360.ee\\\/wp-content\\\/uploads\\\/2017\\\/01\\\/logo-fit360.png\",\"contentUrl\":\"https:\\\/\\\/fit360.ee\\\/wp-content\\\/uploads\\\/2017\\\/01\\\/logo-fit360.png\",\"width\":180,\"height\":66,\"caption\":\"Fit360\"},\"image\":{\"@id\":\"https:\\\/\\\/fit360.ee\\\/en\\\/#\\\/schema\\\/logo\\\/image\\\/\"}}]}<\/script>\n<!-- \/ Yoast SEO plugin. -->","yoast_head_json":{"title":"BCAA kapslid (300caps) - Aminohapped - BCAA - Kiire tarne: 1-3 p\u00e4eva","description":"BCAA kapslid toetavad normaalset valgu ja gl\u00fckogeeni ainevahetust ning v\u00e4simuse ja kurnatuse v\u00e4hendamist. Tarbi BCAA-d mugavamalt - vali kapslid.","robots":{"index":"index","follow":"follow","max-snippet":"max-snippet:-1","max-image-preview":"max-image-preview:large","max-video-preview":"max-video-preview:-1"},"canonical":"https:\/\/fit360.ee\/en\/pood\/product-groups\/amino-acids-bcaa\/bcaa-en\/bcaa-300-caps\/","og_locale":"en_US","og_type":"article","og_title":"BCAA kapslid (300caps) - Aminohapped - BCAA - Kiire tarne: 1-3 p\u00e4eva","og_description":"BCAA kapslid toetavad normaalset valgu ja gl\u00fckogeeni ainevahetust ning v\u00e4simuse ja kurnatuse v\u00e4hendamist. Tarbi BCAA-d mugavamalt - vali kapslid.","og_url":"https:\/\/fit360.ee\/en\/pood\/product-groups\/amino-acids-bcaa\/bcaa-en\/bcaa-300-caps\/","og_site_name":"Fit360","article_modified_time":"2022-09-17T04:44:23+00:00","og_image":[{"width":600,"height":600,"url":"https:\/\/fit360.ee\/wp-content\/uploads\/2016\/06\/real-pharm-bcaa-1100mg-300-caps.png","type":"image\/png"}],"twitter_card":"summary_large_image","schema":{"@context":"https:\/\/schema.org","@graph":[{"@type":"WebPage","@id":"https:\/\/fit360.ee\/en\/pood\/product-groups\/amino-acids-bcaa\/bcaa-en\/bcaa-300-caps\/","url":"https:\/\/fit360.ee\/en\/pood\/product-groups\/amino-acids-bcaa\/bcaa-en\/bcaa-300-caps\/","name":"BCAA kapslid (300caps) - Aminohapped - BCAA - Kiire tarne: 1-3 p\u00e4eva","isPartOf":{"@id":"https:\/\/fit360.ee\/en\/#website"},"primaryImageOfPage":{"@id":"https:\/\/fit360.ee\/en\/pood\/product-groups\/amino-acids-bcaa\/bcaa-en\/bcaa-300-caps\/#primaryimage"},"image":{"@id":"https:\/\/fit360.ee\/en\/pood\/product-groups\/amino-acids-bcaa\/bcaa-en\/bcaa-300-caps\/#primaryimage"},"thumbnailUrl":"https:\/\/fit360.ee\/wp-content\/uploads\/2016\/06\/real-pharm-bcaa-1100mg-300-caps.png","datePublished":"2016-06-09T13:30:08+00:00","dateModified":"2022-09-17T04:44:23+00:00","description":"BCAA kapslid toetavad normaalset valgu ja gl\u00fckogeeni ainevahetust ning v\u00e4simuse ja kurnatuse v\u00e4hendamist. Tarbi BCAA-d mugavamalt - vali kapslid.","breadcrumb":{"@id":"https:\/\/fit360.ee\/en\/pood\/product-groups\/amino-acids-bcaa\/bcaa-en\/bcaa-300-caps\/#breadcrumb"},"inLanguage":"en-US","potentialAction":[{"@type":"ReadAction","target":["https:\/\/fit360.ee\/en\/pood\/product-groups\/amino-acids-bcaa\/bcaa-en\/bcaa-300-caps\/"]}]},{"@type":"ImageObject","inLanguage":"en-US","@id":"https:\/\/fit360.ee\/en\/pood\/product-groups\/amino-acids-bcaa\/bcaa-en\/bcaa-300-caps\/#primaryimage","url":"https:\/\/fit360.ee\/wp-content\/uploads\/2016\/06\/real-pharm-bcaa-1100mg-300-caps.png","contentUrl":"https:\/\/fit360.ee\/wp-content\/uploads\/2016\/06\/real-pharm-bcaa-1100mg-300-caps.png","width":600,"height":600,"caption":"BCAA kapslid - fit360.ee"},{"@type":"BreadcrumbList","@id":"https:\/\/fit360.ee\/en\/pood\/product-groups\/amino-acids-bcaa\/bcaa-en\/bcaa-300-caps\/#breadcrumb","itemListElement":[{"@type":"ListItem","position":1,"name":"Home","item":"https:\/\/fit360.ee\/en\/"},{"@type":"ListItem","position":2,"name":"Shop","item":"https:\/\/fit360.ee\/en\/shop\/"},{"@type":"ListItem","position":3,"name":"BCAA (300 caps)"}]},{"@type":"WebSite","@id":"https:\/\/fit360.ee\/en\/#website","url":"https:\/\/fit360.ee\/en\/","name":"Fit360","description":"","publisher":{"@id":"https:\/\/fit360.ee\/en\/#organization"},"potentialAction":[{"@type":"SearchAction","target":{"@type":"EntryPoint","urlTemplate":"https:\/\/fit360.ee\/en\/?s={search_term_string}"},"query-input":{"@type":"PropertyValueSpecification","valueRequired":true,"valueName":"search_term_string"}}],"inLanguage":"en-US"},{"@type":"Organization","@id":"https:\/\/fit360.ee\/en\/#organization","name":"Fit360","url":"https:\/\/fit360.ee\/en\/","logo":{"@type":"ImageObject","inLanguage":"en-US","@id":"https:\/\/fit360.ee\/en\/#\/schema\/logo\/image\/","url":"https:\/\/fit360.ee\/wp-content\/uploads\/2017\/01\/logo-fit360.png","contentUrl":"https:\/\/fit360.ee\/wp-content\/uploads\/2017\/01\/logo-fit360.png","width":180,"height":66,"caption":"Fit360"},"image":{"@id":"https:\/\/fit360.ee\/en\/#\/schema\/logo\/image\/"}}]}},"_links":{"self":[{"href":"https:\/\/fit360.ee\/en\/wp-json\/wp\/v2\/product\/9983","targetHints":{"allow":["GET"]}}],"collection":[{"href":"https:\/\/fit360.ee\/en\/wp-json\/wp\/v2\/product"}],"about":[{"href":"https:\/\/fit360.ee\/en\/wp-json\/wp\/v2\/types\/product"}],"replies":[{"embeddable":true,"href":"https:\/\/fit360.ee\/en\/wp-json\/wp\/v2\/comments?post=9983"}],"wp:featuredmedia":[{"embeddable":true,"href":"https:\/\/fit360.ee\/en\/wp-json\/wp\/v2\/media\/37783"}],"wp:attachment":[{"href":"https:\/\/fit360.ee\/en\/wp-json\/wp\/v2\/media?parent=9983"}],"wp:term":[{"taxonomy":"product_brand","embeddable":true,"href":"https:\/\/fit360.ee\/en\/wp-json\/wp\/v2\/product_brand?post=9983"},{"taxonomy":"product_cat","embeddable":true,"href":"https:\/\/fit360.ee\/en\/wp-json\/wp\/v2\/product_cat?post=9983"},{"taxonomy":"product_tag","embeddable":true,"href":"https:\/\/fit360.ee\/en\/wp-json\/wp\/v2\/product_tag?post=9983"},{"taxonomy":"giftcard-category","embeddable":true,"href":"https:\/\/fit360.ee\/en\/wp-json\/wp\/v2\/giftcard-category?post=9983"}],"curies":[{"name":"wp","href":"https:\/\/api.w.org\/{rel}","templated":true}]}}