{"id":9985,"date":"2016-06-09T15:24:58","date_gmt":"2016-06-09T13:24:58","guid":{"rendered":"https:\/\/fit360.ee\/shop\/maaratlemata\/amino-rest-300-caps\/"},"modified":"2022-09-17T18:21:46","modified_gmt":"2022-09-17T16:21:46","slug":"amino-rest-300-caps","status":"publish","type":"product","link":"https:\/\/fit360.ee\/en\/pood\/product-groups\/amino-acids-bcaa\/bcaa-en\/amino-rest-300-caps\/","title":{"rendered":"Amino Rest (300 caps)"},"content":{"rendered":"<p>Ingredients: L-glutamine, BCAA (L-Leucine, L-valine, L-isoleucine), bulking agent &#8211; calcium phosphate, bulking agent &#8211; microctystalline cellulose, anti-caking agent &#8211; magnesium salts of stearic acids, anti-caking agent &#8211; sillicon dioxide.<\/p>\n<p>How to use: Consume 1 serving (5 tablets) 2 times a day. Do not exceed the maximum amount of 2 servings (10 tablets) per day.<\/p>\n<p>Storage: Store in a cooland dry place, protected from light.<\/p>\n<p><strong>Package contents<\/strong>: 300 tablets &#8211; 60 servings. <strong>Net weight of a tablet<\/strong>: 1350mg<\/p>\n<table style=\"height: 168px;\" width=\"771\">\n<tbody>\n<tr>\n<td style=\"width: 209.132px;\"><strong>Active ingredients<\/strong><\/td>\n<td style=\"width: 139.132px;\"><strong>1 serving (11,4 g)<\/strong><\/td>\n<td style=\"width: 109.132px;\"><strong>%RDA<\/strong><\/td>\n<td style=\"width: 176.91px;\"><strong>2 servings (22,8g)<\/strong><\/td>\n<td style=\"width: 105.799px;\"><strong>%RDA<\/strong><\/td>\n<\/tr>\n<tr>\n<td style=\"width: 209.132px;\">L-glutamine<\/td>\n<td style=\"width: 139.132px;\">5000 mg<\/td>\n<td style=\"width: 109.132px;\">**<\/td>\n<td style=\"width: 176.91px;\">10000 mg<\/td>\n<td style=\"width: 105.799px;\">**<\/td>\n<\/tr>\n<tr>\n<td style=\"width: 209.132px;\">BCAA including:<br \/>\nL-leucine<br \/>\nL-valine<br \/>\nL-isoleucine<\/td>\n<td style=\"width: 139.132px;\">5000 mg<br \/>\n2500 mg<br \/>\n1250 mg<br \/>\n1250 mg<\/td>\n<td style=\"width: 109.132px;\">**<br \/>\n**<br \/>\n**<br \/>\n**<\/td>\n<td style=\"width: 176.91px;\">10000 mg<br \/>\n5000 mg<br \/>\n2500 mg<br \/>\n2500 mg<\/td>\n<td style=\"width: 105.799px;\">**<br \/>\n**<br \/>\n**<br \/>\n**<\/td>\n<\/tr>\n<\/tbody>\n<\/table>\n<p>RDA- Recommended daily allowance for an average adult (8400 kj\/2000kcal), ** \u2013 no set RDA.<\/p>\n","protected":false},"excerpt":{"rendered":"<p><strong>Amino Rest 300 caps:<\/strong><\/p>\n<div class=\"short-description\">\n<ul>\n<li>Better muscle endurance<\/li>\n<li>Fast muscle reconstruction after training<\/li>\n<li>Reduction of tiredness caused by physical effort<\/li>\n<li>Fast increase in\u00a0lean muscle<\/li>\n<li>Combined power of glutamine and branched-chain amino acids<\/li>\n<\/ul>\n<p><strong>Amino Rest<\/strong>\u00a0is the best quality supplement designed for professional sportsmen and enthusiasts approaching consciously to the process of shaping their bodies. Thanks to the connection of the best quality branched-chain amino acids BCAA and instant glutamines, you will observe the immediate effect of the preparation\u2019s activity and maximally use the potential of its active components. Only<strong> Amino Rest<\/strong>\u00a0contains so high quality compounds in the perfect proportion for You!<\/p>\n<p>The unique and leading on the market formula of branched-chain amino acids and glutamine allows for fast and effective fulfilment of amino acids reserve which is necessary for the correct functioning of each sportsman\u2019s organism. Matching of branched-chain amino acids BCAA with glutamine allows to get the maximum effect of fast after-training regeneration, which conditions the perfect increase in mass muscle. Both BCAA as glutamine assure the exceptionally effective anti-catabolic results and condition the proper protein synthesis.<\/p>\n<\/div>\n","protected":false},"featured_media":37786,"comment_status":"open","ping_status":"closed","template":"","meta":[],"product_brand":[],"product_cat":[520,2299,2331,2307,2335,515,531],"product_tag":[1787,1791,1820,1803],"giftcard-category":[],"class_list":{"0":"post-9985","1":"product","2":"type-product","3":"status-publish","4":"has-post-thumbnail","6":"product_cat-amino-acids-bcaa","7":"product_cat-bcaa-en","8":"product_cat-essential-amino-acids-eaa-en","9":"product_cat-l-glutamine-en","10":"product_cat-leucine-en","11":"product_cat-real-pharm","12":"product_cat-recovery-post-workout-en","13":"product_tag-aminohapped-en","14":"product_tag-bcaa-en","15":"product_tag-glutamiin-en","16":"product_tag-real-pharm-en","17":"pa_toidulisand-branddd-real-pharm","18":"pa_tootegruppp-amino-acidsbcaa","19":"pa_tootegruppp-asendamatud-aminohapped-eaa-en","20":"pa_tootegruppp-bcaa-en","21":"pa_tootegruppp-l-glutamiin-en","22":"pa_tootegruppp-leutsiin-en","23":"pa_tootegruppp-recoveryafter-workout","25":"first","26":"instock","27":"sale","28":"taxable","29":"shipping-taxable","30":"purchasable","31":"product-type-simple"},"yoast_head":"<!-- This site is optimized with the Yoast SEO plugin v27.5 - https:\/\/yoast.com\/product\/yoast-seo-wordpress\/ -->\n<title>BCAA tabletid 300tbl. - BCAA - Glutamiin - Aminohapped - Tarne: 1-3 p\u00e4eva<\/title>\n<meta name=\"description\" content=\"BCAA tabletid koos glutamiiniga toetavad normaalset valgu ja gl\u00fckogeeni ainevahetust ning v\u00e4simuse ja kurnatuse v\u00e4hendamist. Aminohapped tableti kujul\" \/>\n<meta name=\"robots\" content=\"index, follow, max-snippet:-1, max-image-preview:large, max-video-preview:-1\" \/>\n<link rel=\"canonical\" href=\"https:\/\/fit360.ee\/en\/pood\/product-groups\/amino-acids-bcaa\/bcaa-en\/amino-rest-300-caps\/\" \/>\n<meta property=\"og:locale\" content=\"en_US\" \/>\n<meta property=\"og:type\" content=\"article\" \/>\n<meta property=\"og:title\" content=\"BCAA tabletid 300tbl. - BCAA - Glutamiin - Aminohapped - Tarne: 1-3 p\u00e4eva\" \/>\n<meta property=\"og:description\" content=\"BCAA tabletid koos glutamiiniga toetavad normaalset valgu ja gl\u00fckogeeni ainevahetust ning v\u00e4simuse ja kurnatuse v\u00e4hendamist. Aminohapped tableti kujul\" \/>\n<meta property=\"og:url\" content=\"https:\/\/fit360.ee\/en\/pood\/product-groups\/amino-acids-bcaa\/bcaa-en\/amino-rest-300-caps\/\" \/>\n<meta property=\"og:site_name\" content=\"Fit360\" \/>\n<meta property=\"article:modified_time\" content=\"2022-09-17T16:21:46+00:00\" \/>\n<meta property=\"og:image\" content=\"https:\/\/fit360.ee\/wp-content\/uploads\/2016\/06\/real-pharm-amino-rest-300-tabs.png\" \/>\n\t<meta property=\"og:image:width\" content=\"600\" \/>\n\t<meta property=\"og:image:height\" content=\"600\" \/>\n\t<meta property=\"og:image:type\" content=\"image\/png\" \/>\n<meta name=\"twitter:card\" content=\"summary_large_image\" \/>\n<meta name=\"twitter:label1\" content=\"Est. reading time\" \/>\n\t<meta name=\"twitter:data1\" content=\"1 minute\" \/>\n<script type=\"application\/ld+json\" class=\"yoast-schema-graph\">{\"@context\":\"https:\\\/\\\/schema.org\",\"@graph\":[{\"@type\":\"WebPage\",\"@id\":\"https:\\\/\\\/fit360.ee\\\/en\\\/pood\\\/product-groups\\\/amino-acids-bcaa\\\/bcaa-en\\\/amino-rest-300-caps\\\/\",\"url\":\"https:\\\/\\\/fit360.ee\\\/en\\\/pood\\\/product-groups\\\/amino-acids-bcaa\\\/bcaa-en\\\/amino-rest-300-caps\\\/\",\"name\":\"BCAA tabletid 300tbl. - BCAA - Glutamiin - Aminohapped - Tarne: 1-3 p\u00e4eva\",\"isPartOf\":{\"@id\":\"https:\\\/\\\/fit360.ee\\\/en\\\/#website\"},\"primaryImageOfPage\":{\"@id\":\"https:\\\/\\\/fit360.ee\\\/en\\\/pood\\\/product-groups\\\/amino-acids-bcaa\\\/bcaa-en\\\/amino-rest-300-caps\\\/#primaryimage\"},\"image\":{\"@id\":\"https:\\\/\\\/fit360.ee\\\/en\\\/pood\\\/product-groups\\\/amino-acids-bcaa\\\/bcaa-en\\\/amino-rest-300-caps\\\/#primaryimage\"},\"thumbnailUrl\":\"https:\\\/\\\/fit360.ee\\\/wp-content\\\/uploads\\\/2016\\\/06\\\/real-pharm-amino-rest-300-tabs.png\",\"datePublished\":\"2016-06-09T13:24:58+00:00\",\"dateModified\":\"2022-09-17T16:21:46+00:00\",\"description\":\"BCAA tabletid koos glutamiiniga toetavad normaalset valgu ja gl\u00fckogeeni ainevahetust ning v\u00e4simuse ja kurnatuse v\u00e4hendamist. Aminohapped tableti kujul\",\"breadcrumb\":{\"@id\":\"https:\\\/\\\/fit360.ee\\\/en\\\/pood\\\/product-groups\\\/amino-acids-bcaa\\\/bcaa-en\\\/amino-rest-300-caps\\\/#breadcrumb\"},\"inLanguage\":\"en-US\",\"potentialAction\":[{\"@type\":\"ReadAction\",\"target\":[\"https:\\\/\\\/fit360.ee\\\/en\\\/pood\\\/product-groups\\\/amino-acids-bcaa\\\/bcaa-en\\\/amino-rest-300-caps\\\/\"]}]},{\"@type\":\"ImageObject\",\"inLanguage\":\"en-US\",\"@id\":\"https:\\\/\\\/fit360.ee\\\/en\\\/pood\\\/product-groups\\\/amino-acids-bcaa\\\/bcaa-en\\\/amino-rest-300-caps\\\/#primaryimage\",\"url\":\"https:\\\/\\\/fit360.ee\\\/wp-content\\\/uploads\\\/2016\\\/06\\\/real-pharm-amino-rest-300-tabs.png\",\"contentUrl\":\"https:\\\/\\\/fit360.ee\\\/wp-content\\\/uploads\\\/2016\\\/06\\\/real-pharm-amino-rest-300-tabs.png\",\"width\":600,\"height\":600,\"caption\":\"bcaa tabletid - fit360.ee\"},{\"@type\":\"BreadcrumbList\",\"@id\":\"https:\\\/\\\/fit360.ee\\\/en\\\/pood\\\/product-groups\\\/amino-acids-bcaa\\\/bcaa-en\\\/amino-rest-300-caps\\\/#breadcrumb\",\"itemListElement\":[{\"@type\":\"ListItem\",\"position\":1,\"name\":\"Home\",\"item\":\"https:\\\/\\\/fit360.ee\\\/en\\\/\"},{\"@type\":\"ListItem\",\"position\":2,\"name\":\"Shop\",\"item\":\"https:\\\/\\\/fit360.ee\\\/en\\\/shop\\\/\"},{\"@type\":\"ListItem\",\"position\":3,\"name\":\"Amino Rest (300 caps)\"}]},{\"@type\":\"WebSite\",\"@id\":\"https:\\\/\\\/fit360.ee\\\/en\\\/#website\",\"url\":\"https:\\\/\\\/fit360.ee\\\/en\\\/\",\"name\":\"Fit360\",\"description\":\"\",\"publisher\":{\"@id\":\"https:\\\/\\\/fit360.ee\\\/en\\\/#organization\"},\"potentialAction\":[{\"@type\":\"SearchAction\",\"target\":{\"@type\":\"EntryPoint\",\"urlTemplate\":\"https:\\\/\\\/fit360.ee\\\/en\\\/?s={search_term_string}\"},\"query-input\":{\"@type\":\"PropertyValueSpecification\",\"valueRequired\":true,\"valueName\":\"search_term_string\"}}],\"inLanguage\":\"en-US\"},{\"@type\":\"Organization\",\"@id\":\"https:\\\/\\\/fit360.ee\\\/en\\\/#organization\",\"name\":\"Fit360\",\"url\":\"https:\\\/\\\/fit360.ee\\\/en\\\/\",\"logo\":{\"@type\":\"ImageObject\",\"inLanguage\":\"en-US\",\"@id\":\"https:\\\/\\\/fit360.ee\\\/en\\\/#\\\/schema\\\/logo\\\/image\\\/\",\"url\":\"https:\\\/\\\/fit360.ee\\\/wp-content\\\/uploads\\\/2017\\\/01\\\/logo-fit360.png\",\"contentUrl\":\"https:\\\/\\\/fit360.ee\\\/wp-content\\\/uploads\\\/2017\\\/01\\\/logo-fit360.png\",\"width\":180,\"height\":66,\"caption\":\"Fit360\"},\"image\":{\"@id\":\"https:\\\/\\\/fit360.ee\\\/en\\\/#\\\/schema\\\/logo\\\/image\\\/\"}}]}<\/script>\n<!-- \/ Yoast SEO plugin. -->","yoast_head_json":{"title":"BCAA tabletid 300tbl. - BCAA - Glutamiin - Aminohapped - Tarne: 1-3 p\u00e4eva","description":"BCAA tabletid koos glutamiiniga toetavad normaalset valgu ja gl\u00fckogeeni ainevahetust ning v\u00e4simuse ja kurnatuse v\u00e4hendamist. Aminohapped tableti kujul","robots":{"index":"index","follow":"follow","max-snippet":"max-snippet:-1","max-image-preview":"max-image-preview:large","max-video-preview":"max-video-preview:-1"},"canonical":"https:\/\/fit360.ee\/en\/pood\/product-groups\/amino-acids-bcaa\/bcaa-en\/amino-rest-300-caps\/","og_locale":"en_US","og_type":"article","og_title":"BCAA tabletid 300tbl. - BCAA - Glutamiin - Aminohapped - Tarne: 1-3 p\u00e4eva","og_description":"BCAA tabletid koos glutamiiniga toetavad normaalset valgu ja gl\u00fckogeeni ainevahetust ning v\u00e4simuse ja kurnatuse v\u00e4hendamist. Aminohapped tableti kujul","og_url":"https:\/\/fit360.ee\/en\/pood\/product-groups\/amino-acids-bcaa\/bcaa-en\/amino-rest-300-caps\/","og_site_name":"Fit360","article_modified_time":"2022-09-17T16:21:46+00:00","og_image":[{"width":600,"height":600,"url":"https:\/\/fit360.ee\/wp-content\/uploads\/2016\/06\/real-pharm-amino-rest-300-tabs.png","type":"image\/png"}],"twitter_card":"summary_large_image","twitter_misc":{"Est. reading time":"1 minute"},"schema":{"@context":"https:\/\/schema.org","@graph":[{"@type":"WebPage","@id":"https:\/\/fit360.ee\/en\/pood\/product-groups\/amino-acids-bcaa\/bcaa-en\/amino-rest-300-caps\/","url":"https:\/\/fit360.ee\/en\/pood\/product-groups\/amino-acids-bcaa\/bcaa-en\/amino-rest-300-caps\/","name":"BCAA tabletid 300tbl. - BCAA - Glutamiin - Aminohapped - Tarne: 1-3 p\u00e4eva","isPartOf":{"@id":"https:\/\/fit360.ee\/en\/#website"},"primaryImageOfPage":{"@id":"https:\/\/fit360.ee\/en\/pood\/product-groups\/amino-acids-bcaa\/bcaa-en\/amino-rest-300-caps\/#primaryimage"},"image":{"@id":"https:\/\/fit360.ee\/en\/pood\/product-groups\/amino-acids-bcaa\/bcaa-en\/amino-rest-300-caps\/#primaryimage"},"thumbnailUrl":"https:\/\/fit360.ee\/wp-content\/uploads\/2016\/06\/real-pharm-amino-rest-300-tabs.png","datePublished":"2016-06-09T13:24:58+00:00","dateModified":"2022-09-17T16:21:46+00:00","description":"BCAA tabletid koos glutamiiniga toetavad normaalset valgu ja gl\u00fckogeeni ainevahetust ning v\u00e4simuse ja kurnatuse v\u00e4hendamist. Aminohapped tableti kujul","breadcrumb":{"@id":"https:\/\/fit360.ee\/en\/pood\/product-groups\/amino-acids-bcaa\/bcaa-en\/amino-rest-300-caps\/#breadcrumb"},"inLanguage":"en-US","potentialAction":[{"@type":"ReadAction","target":["https:\/\/fit360.ee\/en\/pood\/product-groups\/amino-acids-bcaa\/bcaa-en\/amino-rest-300-caps\/"]}]},{"@type":"ImageObject","inLanguage":"en-US","@id":"https:\/\/fit360.ee\/en\/pood\/product-groups\/amino-acids-bcaa\/bcaa-en\/amino-rest-300-caps\/#primaryimage","url":"https:\/\/fit360.ee\/wp-content\/uploads\/2016\/06\/real-pharm-amino-rest-300-tabs.png","contentUrl":"https:\/\/fit360.ee\/wp-content\/uploads\/2016\/06\/real-pharm-amino-rest-300-tabs.png","width":600,"height":600,"caption":"bcaa tabletid - fit360.ee"},{"@type":"BreadcrumbList","@id":"https:\/\/fit360.ee\/en\/pood\/product-groups\/amino-acids-bcaa\/bcaa-en\/amino-rest-300-caps\/#breadcrumb","itemListElement":[{"@type":"ListItem","position":1,"name":"Home","item":"https:\/\/fit360.ee\/en\/"},{"@type":"ListItem","position":2,"name":"Shop","item":"https:\/\/fit360.ee\/en\/shop\/"},{"@type":"ListItem","position":3,"name":"Amino Rest (300 caps)"}]},{"@type":"WebSite","@id":"https:\/\/fit360.ee\/en\/#website","url":"https:\/\/fit360.ee\/en\/","name":"Fit360","description":"","publisher":{"@id":"https:\/\/fit360.ee\/en\/#organization"},"potentialAction":[{"@type":"SearchAction","target":{"@type":"EntryPoint","urlTemplate":"https:\/\/fit360.ee\/en\/?s={search_term_string}"},"query-input":{"@type":"PropertyValueSpecification","valueRequired":true,"valueName":"search_term_string"}}],"inLanguage":"en-US"},{"@type":"Organization","@id":"https:\/\/fit360.ee\/en\/#organization","name":"Fit360","url":"https:\/\/fit360.ee\/en\/","logo":{"@type":"ImageObject","inLanguage":"en-US","@id":"https:\/\/fit360.ee\/en\/#\/schema\/logo\/image\/","url":"https:\/\/fit360.ee\/wp-content\/uploads\/2017\/01\/logo-fit360.png","contentUrl":"https:\/\/fit360.ee\/wp-content\/uploads\/2017\/01\/logo-fit360.png","width":180,"height":66,"caption":"Fit360"},"image":{"@id":"https:\/\/fit360.ee\/en\/#\/schema\/logo\/image\/"}}]}},"_links":{"self":[{"href":"https:\/\/fit360.ee\/en\/wp-json\/wp\/v2\/product\/9985","targetHints":{"allow":["GET"]}}],"collection":[{"href":"https:\/\/fit360.ee\/en\/wp-json\/wp\/v2\/product"}],"about":[{"href":"https:\/\/fit360.ee\/en\/wp-json\/wp\/v2\/types\/product"}],"replies":[{"embeddable":true,"href":"https:\/\/fit360.ee\/en\/wp-json\/wp\/v2\/comments?post=9985"}],"wp:featuredmedia":[{"embeddable":true,"href":"https:\/\/fit360.ee\/en\/wp-json\/wp\/v2\/media\/37786"}],"wp:attachment":[{"href":"https:\/\/fit360.ee\/en\/wp-json\/wp\/v2\/media?parent=9985"}],"wp:term":[{"taxonomy":"product_brand","embeddable":true,"href":"https:\/\/fit360.ee\/en\/wp-json\/wp\/v2\/product_brand?post=9985"},{"taxonomy":"product_cat","embeddable":true,"href":"https:\/\/fit360.ee\/en\/wp-json\/wp\/v2\/product_cat?post=9985"},{"taxonomy":"product_tag","embeddable":true,"href":"https:\/\/fit360.ee\/en\/wp-json\/wp\/v2\/product_tag?post=9985"},{"taxonomy":"giftcard-category","embeddable":true,"href":"https:\/\/fit360.ee\/en\/wp-json\/wp\/v2\/giftcard-category?post=9985"}],"curies":[{"name":"wp","href":"https:\/\/api.w.org\/{rel}","templated":true}]}}