{"id":9987,"date":"2016-06-09T15:19:21","date_gmt":"2016-06-09T13:19:21","guid":{"rendered":"https:\/\/fit360.ee\/shop\/maaratlemata\/amino-rest-500g\/"},"modified":"2022-09-15T05:43:33","modified_gmt":"2022-09-15T03:43:33","slug":"amino-rest-500g","status":"publish","type":"product","link":"https:\/\/fit360.ee\/en\/pood\/product-groups\/amino-acids-bcaa\/bcaa-en\/amino-rest-500g\/","title":{"rendered":"Amino Rest (500g)"},"content":{"rendered":"<p><strong>Ingredients:<\/strong>\u00a0L-glutamine, BCAA (L-leucine, L-valine, L-isoleucine), citric acid (acidity regulator), the flavor, sucralose (sweetener), dyes for flavors, grapefruit &#8211; E122, orange &#8211; E110, cherry &#8211; E124, pineapple &#8211; E104, lemon &#8211; E104. (E122, E110, E124, E104 &#8211; may have an adverse effect on activity and attention in children). Contains sweetener.<\/p>\n<p><strong>Directions for use<\/strong>:\u00a0One portion (11.4 g) of the product mixed with 200 ml of water. Consume up to 2 times a day. Do not exceed a maximum of 2 servings (22,8g) to be consumed daily. Measure included in the package. The product is intended for adults and healthy. The product should not be used by pregnant women and nursing mothers.<\/p>\n<p><strong>Storage<\/strong>: Store in a cool and dry place, keep away from direct light.<\/p>\n<p><strong>Package contents<\/strong>: 500g &#8211; 42 servings<\/p>\n<table style=\"height: 172px;\" width=\"754\">\n<tbody>\n<tr>\n<td style=\"width: 203.576px;\"><strong>Active ingredients<\/strong><\/td>\n<td style=\"width: 134.688px;\"><strong>1 serving (11,4 g)<\/strong><\/td>\n<td style=\"width: 110.243px;\"><strong>%RDA<\/strong><\/td>\n<td style=\"width: 169.132px;\"><strong>2 servings (22,8g)<\/strong><\/td>\n<td style=\"width: 105.799px;\"><strong>%RDA<\/strong><\/td>\n<\/tr>\n<tr>\n<td style=\"width: 203.576px;\">L-glutamine<\/td>\n<td style=\"width: 134.688px;\">5000 mg<\/td>\n<td style=\"width: 110.243px;\">**<\/td>\n<td style=\"width: 169.132px;\">10000 mg<\/td>\n<td style=\"width: 105.799px;\">**<\/td>\n<\/tr>\n<tr>\n<td style=\"width: 203.576px;\">BCAA including:<br \/>\nL-leucine<br \/>\nL-valine<br \/>\nL-isoleucine<\/td>\n<td style=\"width: 134.688px;\">5000 mg<br \/>\n2500 mg<br \/>\n1250 mg<br \/>\n1250 mg<\/td>\n<td style=\"width: 110.243px;\">**<br \/>\n**<br \/>\n**<br \/>\n**<\/td>\n<td style=\"width: 169.132px;\">10000 mg<br \/>\n5000 mg<br \/>\n2500 mg<br \/>\n2500 mg<\/td>\n<td style=\"width: 105.799px;\">**<br \/>\n**<br \/>\n**<br \/>\n**<\/td>\n<\/tr>\n<\/tbody>\n<\/table>\n<p>RDA- Recommended daily allowance for an average adult (8400 kj\/2000kcal), ** \u2013 no set RDA.<\/p>\n","protected":false},"excerpt":{"rendered":"<p><strong>Amino Rest:<\/strong><\/p>\n<div class=\"short-description\">\n<ul>\n<li>Better muscle endurance<\/li>\n<li>Fast muscle reconstruction after training<\/li>\n<li>Reduction of tiredness caused by physical effort<\/li>\n<li>Fast increase in\u00a0lean muscle<\/li>\n<li>Combined power of glutamine and branched-chain amino acids<\/li>\n<\/ul>\n<p><strong>Amino Rest<\/strong>\u00a0is the best quality supplement designed for professional sportsmen and enthusiasts approaching consciously to the process of shaping their bodies. Thanks to the connection of the best quality branched-chain amino acids BCAA and instant glutamines, you will observe the immediate effect of the preparation\u2019s activity and maximally use the potential of its active components. Only<strong> Amino Rest<\/strong>\u00a0contains so high quality compounds in the perfect proportion for You!<\/p>\n<p>The unique and leading on the market formula of branched-chain amino acids and glutamine allows for fast and effective fulfilment of amino acids reserve which is necessary for the correct functioning of each sportsman\u2019s organism. Matching of branched-chain amino acids BCAA with glutamine allows to get the maximum effect of fast after-training regeneration, which conditions the perfect increase in mass muscle. Both BCAA as glutamine assure the exceptionally effective anti-catabolic results and condition the proper protein synthesis.<\/p>\n<\/div>\n","protected":false},"featured_media":37777,"comment_status":"open","ping_status":"closed","template":"","meta":[],"product_brand":[],"product_cat":[520,2299,2331,2307,2335,515,531],"product_tag":[1787,1791,1820,1803],"giftcard-category":[],"class_list":{"0":"post-9987","1":"product","2":"type-product","3":"status-publish","4":"has-post-thumbnail","6":"product_cat-amino-acids-bcaa","7":"product_cat-bcaa-en","8":"product_cat-essential-amino-acids-eaa-en","9":"product_cat-l-glutamine-en","10":"product_cat-leucine-en","11":"product_cat-real-pharm","12":"product_cat-recovery-post-workout-en","13":"product_tag-aminohapped-en","14":"product_tag-bcaa-en","15":"product_tag-glutamiin-en","16":"product_tag-real-pharm-en","17":"pa_maitse-grape","18":"pa_maitse-lemon","19":"pa_maitse-orange","21":"first","22":"outofstock","23":"sale","24":"taxable","25":"shipping-taxable","26":"purchasable","27":"product-type-variable"},"yoast_head":"<!-- This site is optimized with the Yoast SEO plugin v27.3 - https:\/\/yoast.com\/product\/yoast-seo-wordpress\/ -->\n<title>Amino Rest 500g - Aminohapped - BCAA - Glutamiin - Kiire tarne:1-3 p\u00e4eva<\/title>\n<meta name=\"description\" content=\"Amino Rest Tagab maksimaalse taastumise treeningust. Glutamiini ja BCAA-de kombineeritud kuju v\u00f5imaldab valkudel s\u00fcnteesida maksimaalse efektiivsusega.\" \/>\n<meta name=\"robots\" content=\"index, follow, max-snippet:-1, max-image-preview:large, max-video-preview:-1\" \/>\n<link rel=\"canonical\" href=\"https:\/\/fit360.ee\/en\/pood\/product-groups\/amino-acids-bcaa\/bcaa-en\/amino-rest-500g\/\" \/>\n<meta property=\"og:locale\" content=\"en_US\" \/>\n<meta property=\"og:type\" content=\"article\" \/>\n<meta property=\"og:title\" content=\"Amino Rest 500g - Aminohapped - BCAA - Glutamiin - Kiire tarne:1-3 p\u00e4eva\" \/>\n<meta property=\"og:description\" content=\"Amino Rest Tagab maksimaalse taastumise treeningust. Glutamiini ja BCAA-de kombineeritud kuju v\u00f5imaldab valkudel s\u00fcnteesida maksimaalse efektiivsusega.\" \/>\n<meta property=\"og:url\" content=\"https:\/\/fit360.ee\/en\/pood\/product-groups\/amino-acids-bcaa\/bcaa-en\/amino-rest-500g\/\" \/>\n<meta property=\"og:site_name\" content=\"Fit360\" \/>\n<meta property=\"article:modified_time\" content=\"2022-09-15T03:43:33+00:00\" \/>\n<meta property=\"og:image\" content=\"https:\/\/fit360.ee\/wp-content\/uploads\/2016\/06\/real-pharm-amino-rest-500g.png\" \/>\n\t<meta property=\"og:image:width\" content=\"600\" \/>\n\t<meta property=\"og:image:height\" content=\"600\" \/>\n\t<meta property=\"og:image:type\" content=\"image\/png\" \/>\n<meta name=\"twitter:card\" content=\"summary_large_image\" \/>\n<meta name=\"twitter:label1\" content=\"Est. reading time\" \/>\n\t<meta name=\"twitter:data1\" content=\"1 minute\" \/>\n<script type=\"application\/ld+json\" class=\"yoast-schema-graph\">{\"@context\":\"https:\\\/\\\/schema.org\",\"@graph\":[{\"@type\":\"WebPage\",\"@id\":\"https:\\\/\\\/fit360.ee\\\/en\\\/pood\\\/product-groups\\\/amino-acids-bcaa\\\/bcaa-en\\\/amino-rest-500g\\\/\",\"url\":\"https:\\\/\\\/fit360.ee\\\/en\\\/pood\\\/product-groups\\\/amino-acids-bcaa\\\/bcaa-en\\\/amino-rest-500g\\\/\",\"name\":\"Amino Rest 500g - Aminohapped - BCAA - Glutamiin - Kiire tarne:1-3 p\u00e4eva\",\"isPartOf\":{\"@id\":\"https:\\\/\\\/fit360.ee\\\/en\\\/#website\"},\"primaryImageOfPage\":{\"@id\":\"https:\\\/\\\/fit360.ee\\\/en\\\/pood\\\/product-groups\\\/amino-acids-bcaa\\\/bcaa-en\\\/amino-rest-500g\\\/#primaryimage\"},\"image\":{\"@id\":\"https:\\\/\\\/fit360.ee\\\/en\\\/pood\\\/product-groups\\\/amino-acids-bcaa\\\/bcaa-en\\\/amino-rest-500g\\\/#primaryimage\"},\"thumbnailUrl\":\"https:\\\/\\\/fit360.ee\\\/wp-content\\\/uploads\\\/2016\\\/06\\\/real-pharm-amino-rest-500g.png\",\"datePublished\":\"2016-06-09T13:19:21+00:00\",\"dateModified\":\"2022-09-15T03:43:33+00:00\",\"description\":\"Amino Rest Tagab maksimaalse taastumise treeningust. Glutamiini ja BCAA-de kombineeritud kuju v\u00f5imaldab valkudel s\u00fcnteesida maksimaalse efektiivsusega.\",\"breadcrumb\":{\"@id\":\"https:\\\/\\\/fit360.ee\\\/en\\\/pood\\\/product-groups\\\/amino-acids-bcaa\\\/bcaa-en\\\/amino-rest-500g\\\/#breadcrumb\"},\"inLanguage\":\"en-US\",\"potentialAction\":[{\"@type\":\"ReadAction\",\"target\":[\"https:\\\/\\\/fit360.ee\\\/en\\\/pood\\\/product-groups\\\/amino-acids-bcaa\\\/bcaa-en\\\/amino-rest-500g\\\/\"]}]},{\"@type\":\"ImageObject\",\"inLanguage\":\"en-US\",\"@id\":\"https:\\\/\\\/fit360.ee\\\/en\\\/pood\\\/product-groups\\\/amino-acids-bcaa\\\/bcaa-en\\\/amino-rest-500g\\\/#primaryimage\",\"url\":\"https:\\\/\\\/fit360.ee\\\/wp-content\\\/uploads\\\/2016\\\/06\\\/real-pharm-amino-rest-500g.png\",\"contentUrl\":\"https:\\\/\\\/fit360.ee\\\/wp-content\\\/uploads\\\/2016\\\/06\\\/real-pharm-amino-rest-500g.png\",\"width\":600,\"height\":600,\"caption\":\"Amino Rest 500g - Aminohapped Fit360.ee\"},{\"@type\":\"BreadcrumbList\",\"@id\":\"https:\\\/\\\/fit360.ee\\\/en\\\/pood\\\/product-groups\\\/amino-acids-bcaa\\\/bcaa-en\\\/amino-rest-500g\\\/#breadcrumb\",\"itemListElement\":[{\"@type\":\"ListItem\",\"position\":1,\"name\":\"Home\",\"item\":\"https:\\\/\\\/fit360.ee\\\/en\\\/\"},{\"@type\":\"ListItem\",\"position\":2,\"name\":\"Shop\",\"item\":\"https:\\\/\\\/fit360.ee\\\/en\\\/shop\\\/\"},{\"@type\":\"ListItem\",\"position\":3,\"name\":\"Amino Rest (500g)\"}]},{\"@type\":\"WebSite\",\"@id\":\"https:\\\/\\\/fit360.ee\\\/en\\\/#website\",\"url\":\"https:\\\/\\\/fit360.ee\\\/en\\\/\",\"name\":\"Fit360\",\"description\":\"\",\"publisher\":{\"@id\":\"https:\\\/\\\/fit360.ee\\\/en\\\/#organization\"},\"potentialAction\":[{\"@type\":\"SearchAction\",\"target\":{\"@type\":\"EntryPoint\",\"urlTemplate\":\"https:\\\/\\\/fit360.ee\\\/en\\\/?s={search_term_string}\"},\"query-input\":{\"@type\":\"PropertyValueSpecification\",\"valueRequired\":true,\"valueName\":\"search_term_string\"}}],\"inLanguage\":\"en-US\"},{\"@type\":\"Organization\",\"@id\":\"https:\\\/\\\/fit360.ee\\\/en\\\/#organization\",\"name\":\"Fit360\",\"url\":\"https:\\\/\\\/fit360.ee\\\/en\\\/\",\"logo\":{\"@type\":\"ImageObject\",\"inLanguage\":\"en-US\",\"@id\":\"https:\\\/\\\/fit360.ee\\\/en\\\/#\\\/schema\\\/logo\\\/image\\\/\",\"url\":\"https:\\\/\\\/fit360.ee\\\/wp-content\\\/uploads\\\/2017\\\/01\\\/logo-fit360.png\",\"contentUrl\":\"https:\\\/\\\/fit360.ee\\\/wp-content\\\/uploads\\\/2017\\\/01\\\/logo-fit360.png\",\"width\":180,\"height\":66,\"caption\":\"Fit360\"},\"image\":{\"@id\":\"https:\\\/\\\/fit360.ee\\\/en\\\/#\\\/schema\\\/logo\\\/image\\\/\"}}]}<\/script>\n<!-- \/ Yoast SEO plugin. -->","yoast_head_json":{"title":"Amino Rest 500g - Aminohapped - BCAA - Glutamiin - Kiire tarne:1-3 p\u00e4eva","description":"Amino Rest Tagab maksimaalse taastumise treeningust. Glutamiini ja BCAA-de kombineeritud kuju v\u00f5imaldab valkudel s\u00fcnteesida maksimaalse efektiivsusega.","robots":{"index":"index","follow":"follow","max-snippet":"max-snippet:-1","max-image-preview":"max-image-preview:large","max-video-preview":"max-video-preview:-1"},"canonical":"https:\/\/fit360.ee\/en\/pood\/product-groups\/amino-acids-bcaa\/bcaa-en\/amino-rest-500g\/","og_locale":"en_US","og_type":"article","og_title":"Amino Rest 500g - Aminohapped - BCAA - Glutamiin - Kiire tarne:1-3 p\u00e4eva","og_description":"Amino Rest Tagab maksimaalse taastumise treeningust. Glutamiini ja BCAA-de kombineeritud kuju v\u00f5imaldab valkudel s\u00fcnteesida maksimaalse efektiivsusega.","og_url":"https:\/\/fit360.ee\/en\/pood\/product-groups\/amino-acids-bcaa\/bcaa-en\/amino-rest-500g\/","og_site_name":"Fit360","article_modified_time":"2022-09-15T03:43:33+00:00","og_image":[{"width":600,"height":600,"url":"https:\/\/fit360.ee\/wp-content\/uploads\/2016\/06\/real-pharm-amino-rest-500g.png","type":"image\/png"}],"twitter_card":"summary_large_image","twitter_misc":{"Est. reading time":"1 minute"},"schema":{"@context":"https:\/\/schema.org","@graph":[{"@type":"WebPage","@id":"https:\/\/fit360.ee\/en\/pood\/product-groups\/amino-acids-bcaa\/bcaa-en\/amino-rest-500g\/","url":"https:\/\/fit360.ee\/en\/pood\/product-groups\/amino-acids-bcaa\/bcaa-en\/amino-rest-500g\/","name":"Amino Rest 500g - Aminohapped - BCAA - Glutamiin - Kiire tarne:1-3 p\u00e4eva","isPartOf":{"@id":"https:\/\/fit360.ee\/en\/#website"},"primaryImageOfPage":{"@id":"https:\/\/fit360.ee\/en\/pood\/product-groups\/amino-acids-bcaa\/bcaa-en\/amino-rest-500g\/#primaryimage"},"image":{"@id":"https:\/\/fit360.ee\/en\/pood\/product-groups\/amino-acids-bcaa\/bcaa-en\/amino-rest-500g\/#primaryimage"},"thumbnailUrl":"https:\/\/fit360.ee\/wp-content\/uploads\/2016\/06\/real-pharm-amino-rest-500g.png","datePublished":"2016-06-09T13:19:21+00:00","dateModified":"2022-09-15T03:43:33+00:00","description":"Amino Rest Tagab maksimaalse taastumise treeningust. Glutamiini ja BCAA-de kombineeritud kuju v\u00f5imaldab valkudel s\u00fcnteesida maksimaalse efektiivsusega.","breadcrumb":{"@id":"https:\/\/fit360.ee\/en\/pood\/product-groups\/amino-acids-bcaa\/bcaa-en\/amino-rest-500g\/#breadcrumb"},"inLanguage":"en-US","potentialAction":[{"@type":"ReadAction","target":["https:\/\/fit360.ee\/en\/pood\/product-groups\/amino-acids-bcaa\/bcaa-en\/amino-rest-500g\/"]}]},{"@type":"ImageObject","inLanguage":"en-US","@id":"https:\/\/fit360.ee\/en\/pood\/product-groups\/amino-acids-bcaa\/bcaa-en\/amino-rest-500g\/#primaryimage","url":"https:\/\/fit360.ee\/wp-content\/uploads\/2016\/06\/real-pharm-amino-rest-500g.png","contentUrl":"https:\/\/fit360.ee\/wp-content\/uploads\/2016\/06\/real-pharm-amino-rest-500g.png","width":600,"height":600,"caption":"Amino Rest 500g - Aminohapped Fit360.ee"},{"@type":"BreadcrumbList","@id":"https:\/\/fit360.ee\/en\/pood\/product-groups\/amino-acids-bcaa\/bcaa-en\/amino-rest-500g\/#breadcrumb","itemListElement":[{"@type":"ListItem","position":1,"name":"Home","item":"https:\/\/fit360.ee\/en\/"},{"@type":"ListItem","position":2,"name":"Shop","item":"https:\/\/fit360.ee\/en\/shop\/"},{"@type":"ListItem","position":3,"name":"Amino Rest (500g)"}]},{"@type":"WebSite","@id":"https:\/\/fit360.ee\/en\/#website","url":"https:\/\/fit360.ee\/en\/","name":"Fit360","description":"","publisher":{"@id":"https:\/\/fit360.ee\/en\/#organization"},"potentialAction":[{"@type":"SearchAction","target":{"@type":"EntryPoint","urlTemplate":"https:\/\/fit360.ee\/en\/?s={search_term_string}"},"query-input":{"@type":"PropertyValueSpecification","valueRequired":true,"valueName":"search_term_string"}}],"inLanguage":"en-US"},{"@type":"Organization","@id":"https:\/\/fit360.ee\/en\/#organization","name":"Fit360","url":"https:\/\/fit360.ee\/en\/","logo":{"@type":"ImageObject","inLanguage":"en-US","@id":"https:\/\/fit360.ee\/en\/#\/schema\/logo\/image\/","url":"https:\/\/fit360.ee\/wp-content\/uploads\/2017\/01\/logo-fit360.png","contentUrl":"https:\/\/fit360.ee\/wp-content\/uploads\/2017\/01\/logo-fit360.png","width":180,"height":66,"caption":"Fit360"},"image":{"@id":"https:\/\/fit360.ee\/en\/#\/schema\/logo\/image\/"}}]}},"_links":{"self":[{"href":"https:\/\/fit360.ee\/en\/wp-json\/wp\/v2\/product\/9987","targetHints":{"allow":["GET"]}}],"collection":[{"href":"https:\/\/fit360.ee\/en\/wp-json\/wp\/v2\/product"}],"about":[{"href":"https:\/\/fit360.ee\/en\/wp-json\/wp\/v2\/types\/product"}],"replies":[{"embeddable":true,"href":"https:\/\/fit360.ee\/en\/wp-json\/wp\/v2\/comments?post=9987"}],"wp:featuredmedia":[{"embeddable":true,"href":"https:\/\/fit360.ee\/en\/wp-json\/wp\/v2\/media\/37777"}],"wp:attachment":[{"href":"https:\/\/fit360.ee\/en\/wp-json\/wp\/v2\/media?parent=9987"}],"wp:term":[{"taxonomy":"product_brand","embeddable":true,"href":"https:\/\/fit360.ee\/en\/wp-json\/wp\/v2\/product_brand?post=9987"},{"taxonomy":"product_cat","embeddable":true,"href":"https:\/\/fit360.ee\/en\/wp-json\/wp\/v2\/product_cat?post=9987"},{"taxonomy":"product_tag","embeddable":true,"href":"https:\/\/fit360.ee\/en\/wp-json\/wp\/v2\/product_tag?post=9987"},{"taxonomy":"giftcard-category","embeddable":true,"href":"https:\/\/fit360.ee\/en\/wp-json\/wp\/v2\/giftcard-category?post=9987"}],"curies":[{"name":"wp","href":"https:\/\/api.w.org\/{rel}","templated":true}]}}