{"id":9993,"date":"2016-06-09T15:15:11","date_gmt":"2016-06-09T13:15:11","guid":{"rendered":"https:\/\/fit360.ee\/shop\/maaratlemata\/amino-8500-400-tbl\/"},"modified":"2025-01-03T23:45:47","modified_gmt":"2025-01-03T21:45:47","slug":"amino-8500-400-tbl","status":"publish","type":"product","link":"https:\/\/fit360.ee\/en\/pood\/product-groups\/amino-acids-bcaa\/bcaa-en\/amino-8500-400-tbl\/","title":{"rendered":"Amino 8500 (400 tbl)"},"content":{"rendered":"<p><strong>Ingredients: <\/strong>Whey Protein Concentrate, Calcium phos-phate (bulking agent), Silicon dioxide (anti-caking agent), magnesium stearate (anti-caking agent).<\/p>\n<p><strong>Directions for use<\/strong>: take 1 serving of the product (3 tablets) 3 times a day. Do not exceed the maximum of 3 serving daily (9 tablets). Store in a cool and dry place, keep away from direct light.<\/p>\n<p><strong>Package contents<\/strong>: 400 tablets &#8211; 133 servings. Table net mass: 1625mg<\/p>\n<table style=\"height: 490px;\" width=\"550\">\n<tbody>\n<tr>\n<td style=\"width: 248.021px;\"><strong>Amino acid profile<\/strong><\/td>\n<td style=\"width: 155.799px;\"><strong>1 tablet<\/strong><\/td>\n<td style=\"width: 126.91px;\"><strong>3 tabets<\/strong><\/td>\n<\/tr>\n<tr>\n<td style=\"width: 248.021px;\">L-alanine<\/td>\n<td style=\"width: 155.799px;\">4,7g<\/td>\n<td style=\"width: 126.91px;\">141mg<\/td>\n<\/tr>\n<tr>\n<td style=\"width: 248.021px;\">L-arginine<\/td>\n<td style=\"width: 155.799px;\">2,5g<\/td>\n<td style=\"width: 126.91px;\">75mg<\/td>\n<\/tr>\n<tr>\n<td style=\"width: 248.021px;\">L-asparagine acid<\/td>\n<td style=\"width: 155.799px;\">9,8g<\/td>\n<td style=\"width: 126.91px;\">294mg<\/td>\n<\/tr>\n<tr>\n<td style=\"width: 248.021px;\">Cystine<\/td>\n<td style=\"width: 155.799px;\">1,6g<\/td>\n<td style=\"width: 126.91px;\">48mg<\/td>\n<\/tr>\n<tr>\n<td style=\"width: 248.021px;\">L-glutamine acid<\/td>\n<td style=\"width: 155.799px;\">16,7g<\/td>\n<td style=\"width: 126.91px;\">501mg<\/td>\n<\/tr>\n<tr>\n<td style=\"width: 248.021px;\">Glycine<\/td>\n<td style=\"width: 155.799px;\">1,7g<\/td>\n<td style=\"width: 126.91px;\">51mg<\/td>\n<\/tr>\n<tr>\n<td style=\"width: 248.021px;\">Histidine<\/td>\n<td style=\"width: 155.799px;\">1,7g<\/td>\n<td style=\"width: 126.91px;\">51mg<\/td>\n<\/tr>\n<tr>\n<td style=\"width: 248.021px;\">L-isoleucine<\/td>\n<td style=\"width: 155.799px;\">5,4g<\/td>\n<td style=\"width: 126.91px;\">162mg<\/td>\n<\/tr>\n<tr>\n<td style=\"width: 248.021px;\">L-leucine<\/td>\n<td style=\"width: 155.799px;\">9,8g<\/td>\n<td style=\"width: 126.91px;\">294mg<\/td>\n<\/tr>\n<tr>\n<td style=\"width: 248.021px;\">L-lysine<\/td>\n<td style=\"width: 155.799px;\">8,9g<\/td>\n<td style=\"width: 126.91px;\">267mg<\/td>\n<\/tr>\n<tr>\n<td style=\"width: 248.021px;\">L-methionine<\/td>\n<td style=\"width: 155.799px;\">1,9g<\/td>\n<td style=\"width: 126.91px;\">57mg<\/td>\n<\/tr>\n<tr>\n<td style=\"width: 248.021px;\">L-phenylanine<\/td>\n<td style=\"width: 155.799px;\">2,9g<\/td>\n<td style=\"width: 126.91px;\">87mg<\/td>\n<\/tr>\n<tr>\n<td style=\"width: 248.021px;\">L-proline<\/td>\n<td style=\"width: 155.799px;\">6,1g<\/td>\n<td style=\"width: 126.91px;\">183mg<\/td>\n<\/tr>\n<tr>\n<td style=\"width: 248.021px;\">L-serine<\/td>\n<td style=\"width: 155.799px;\">4,7g<\/td>\n<td style=\"width: 126.91px;\">141mg<\/td>\n<\/tr>\n<tr>\n<td style=\"width: 248.021px;\">L-threonine<\/td>\n<td style=\"width: 155.799px;\">6,5g<\/td>\n<td style=\"width: 126.91px;\">195mg<\/td>\n<\/tr>\n<tr>\n<td style=\"width: 248.021px;\">L-tryptophan<\/td>\n<td style=\"width: 155.799px;\">1,4g<\/td>\n<td style=\"width: 126.91px;\">42mg<\/td>\n<\/tr>\n<tr>\n<td style=\"width: 248.021px;\">L-tyrosine<\/td>\n<td style=\"width: 155.799px;\">2,8g<\/td>\n<td style=\"width: 126.91px;\">84mg<\/td>\n<\/tr>\n<tr>\n<td style=\"width: 248.021px;\">L-valine<\/td>\n<td style=\"width: 155.799px;\">5,5g<\/td>\n<td style=\"width: 126.91px;\">165mg<\/td>\n<\/tr>\n<\/tbody>\n<\/table>\n","protected":false},"excerpt":{"rendered":"<p>The rich complex composition of Real Pharm <strong>Amino 8500<\/strong> is Your receipt for success! Thanks to the unique formula and the form of preparation you will gain not only strong anabolic stimulus and the protection from catabolism, but also the excellent source of amino acids, necessary in the diet of each physically active person.<\/p>\n<p>The whey protein concentrate, on which is based the formula <strong>Real Pharm Amino 8500<\/strong> is one of the best sources of amino acids which are essential for the correct functioning of the organism. Thanks to the complete formula of endogenous and exogenous amino acids, which will supply You our product, you soon notice the results of supplementation and cope with each training challenge!<\/p>\n","protected":false},"featured_media":28756,"comment_status":"open","ping_status":"closed","template":"","meta":[],"product_brand":[],"product_cat":[520,2299,2331,2311,2307,2335,515,531,2323],"product_tag":[1787,1803],"giftcard-category":[],"class_list":{"0":"post-9993","1":"product","2":"type-product","3":"status-publish","4":"has-post-thumbnail","6":"product_cat-amino-acids-bcaa","7":"product_cat-bcaa-en","8":"product_cat-essential-amino-acids-eaa-en","9":"product_cat-l-arginine-en","10":"product_cat-l-glutamine-en","11":"product_cat-leucine-en","12":"product_cat-real-pharm","13":"product_cat-recovery-post-workout-en","14":"product_cat-tryptophan-en","15":"product_tag-aminohapped-en","16":"product_tag-real-pharm-en","17":"pa_toidulisand-branddd-real-pharm","18":"pa_tootegruppp-amino-acidsbcaa","19":"pa_tootegruppp-asendamatud-aminohapped-eaa-en","20":"pa_tootegruppp-bcaa-en","21":"pa_tootegruppp-l-arginiin-en","22":"pa_tootegruppp-l-glutamiin-en","23":"pa_tootegruppp-leutsiin-en","24":"pa_tootegruppp-recoveryafter-workout","25":"pa_tootegruppp-truptofaan-en","27":"first","28":"instock","29":"sale","30":"taxable","31":"shipping-taxable","32":"purchasable","33":"product-type-simple"},"yoast_head":"<!-- This site is optimized with the Yoast SEO plugin v27.3 - https:\/\/yoast.com\/product\/yoast-seo-wordpress\/ -->\n<title>Amino 8500 (400tbl) - Aminohapped - 18 erinevat Aminohapet - Fit360<\/title>\n<meta name=\"description\" content=\"Amino 8500 sisaldab 18. erinevat aminohapet! Aitavad s\u00e4ilitada j\u00f5udu ja lihasmassi dieedi ajal. Muudavad treeningu efektiivsemaks. Kiire tarne: 1-3 p\u00e4eva.\" \/>\n<meta name=\"robots\" content=\"index, follow, max-snippet:-1, max-image-preview:large, max-video-preview:-1\" \/>\n<link rel=\"canonical\" href=\"https:\/\/fit360.ee\/en\/pood\/product-groups\/amino-acids-bcaa\/bcaa-en\/amino-8500-400-tbl\/\" \/>\n<meta property=\"og:locale\" content=\"en_US\" \/>\n<meta property=\"og:type\" content=\"article\" \/>\n<meta property=\"og:title\" content=\"Amino 8500 (400tbl) - Aminohapped - 18 erinevat Aminohapet - Fit360\" \/>\n<meta property=\"og:description\" content=\"Amino 8500 sisaldab 18. erinevat aminohapet! Aitavad s\u00e4ilitada j\u00f5udu ja lihasmassi dieedi ajal. Muudavad treeningu efektiivsemaks. Kiire tarne: 1-3 p\u00e4eva.\" \/>\n<meta property=\"og:url\" content=\"https:\/\/fit360.ee\/en\/pood\/product-groups\/amino-acids-bcaa\/bcaa-en\/amino-8500-400-tbl\/\" \/>\n<meta property=\"og:site_name\" content=\"Fit360\" \/>\n<meta property=\"article:modified_time\" content=\"2025-01-03T21:45:47+00:00\" \/>\n<meta property=\"og:image\" content=\"https:\/\/fit360.ee\/wp-content\/uploads\/2016\/06\/real-pharm-amino-8500-400-tab.png\" \/>\n\t<meta property=\"og:image:width\" content=\"800\" \/>\n\t<meta property=\"og:image:height\" content=\"800\" \/>\n\t<meta property=\"og:image:type\" content=\"image\/png\" \/>\n<meta name=\"twitter:card\" content=\"summary_large_image\" \/>\n<meta name=\"twitter:label1\" content=\"Est. reading time\" \/>\n\t<meta name=\"twitter:data1\" content=\"1 minute\" \/>\n<script type=\"application\/ld+json\" class=\"yoast-schema-graph\">{\"@context\":\"https:\\\/\\\/schema.org\",\"@graph\":[{\"@type\":\"WebPage\",\"@id\":\"https:\\\/\\\/fit360.ee\\\/en\\\/pood\\\/product-groups\\\/amino-acids-bcaa\\\/bcaa-en\\\/amino-8500-400-tbl\\\/\",\"url\":\"https:\\\/\\\/fit360.ee\\\/en\\\/pood\\\/product-groups\\\/amino-acids-bcaa\\\/bcaa-en\\\/amino-8500-400-tbl\\\/\",\"name\":\"Amino 8500 (400tbl) - Aminohapped - 18 erinevat Aminohapet - Fit360\",\"isPartOf\":{\"@id\":\"https:\\\/\\\/fit360.ee\\\/en\\\/#website\"},\"primaryImageOfPage\":{\"@id\":\"https:\\\/\\\/fit360.ee\\\/en\\\/pood\\\/product-groups\\\/amino-acids-bcaa\\\/bcaa-en\\\/amino-8500-400-tbl\\\/#primaryimage\"},\"image\":{\"@id\":\"https:\\\/\\\/fit360.ee\\\/en\\\/pood\\\/product-groups\\\/amino-acids-bcaa\\\/bcaa-en\\\/amino-8500-400-tbl\\\/#primaryimage\"},\"thumbnailUrl\":\"https:\\\/\\\/fit360.ee\\\/wp-content\\\/uploads\\\/2016\\\/06\\\/real-pharm-amino-8500-400-tab.png\",\"datePublished\":\"2016-06-09T13:15:11+00:00\",\"dateModified\":\"2025-01-03T21:45:47+00:00\",\"description\":\"Amino 8500 sisaldab 18. erinevat aminohapet! Aitavad s\u00e4ilitada j\u00f5udu ja lihasmassi dieedi ajal. Muudavad treeningu efektiivsemaks. Kiire tarne: 1-3 p\u00e4eva.\",\"breadcrumb\":{\"@id\":\"https:\\\/\\\/fit360.ee\\\/en\\\/pood\\\/product-groups\\\/amino-acids-bcaa\\\/bcaa-en\\\/amino-8500-400-tbl\\\/#breadcrumb\"},\"inLanguage\":\"en-US\",\"potentialAction\":[{\"@type\":\"ReadAction\",\"target\":[\"https:\\\/\\\/fit360.ee\\\/en\\\/pood\\\/product-groups\\\/amino-acids-bcaa\\\/bcaa-en\\\/amino-8500-400-tbl\\\/\"]}]},{\"@type\":\"ImageObject\",\"inLanguage\":\"en-US\",\"@id\":\"https:\\\/\\\/fit360.ee\\\/en\\\/pood\\\/product-groups\\\/amino-acids-bcaa\\\/bcaa-en\\\/amino-8500-400-tbl\\\/#primaryimage\",\"url\":\"https:\\\/\\\/fit360.ee\\\/wp-content\\\/uploads\\\/2016\\\/06\\\/real-pharm-amino-8500-400-tab.png\",\"contentUrl\":\"https:\\\/\\\/fit360.ee\\\/wp-content\\\/uploads\\\/2016\\\/06\\\/real-pharm-amino-8500-400-tab.png\",\"width\":800,\"height\":800,\"caption\":\"Amino 8500 Aminohapped - fit360.ee\"},{\"@type\":\"BreadcrumbList\",\"@id\":\"https:\\\/\\\/fit360.ee\\\/en\\\/pood\\\/product-groups\\\/amino-acids-bcaa\\\/bcaa-en\\\/amino-8500-400-tbl\\\/#breadcrumb\",\"itemListElement\":[{\"@type\":\"ListItem\",\"position\":1,\"name\":\"Home\",\"item\":\"https:\\\/\\\/fit360.ee\\\/en\\\/\"},{\"@type\":\"ListItem\",\"position\":2,\"name\":\"Shop\",\"item\":\"https:\\\/\\\/fit360.ee\\\/en\\\/shop\\\/\"},{\"@type\":\"ListItem\",\"position\":3,\"name\":\"Amino 8500 (400 tbl)\"}]},{\"@type\":\"WebSite\",\"@id\":\"https:\\\/\\\/fit360.ee\\\/en\\\/#website\",\"url\":\"https:\\\/\\\/fit360.ee\\\/en\\\/\",\"name\":\"Fit360\",\"description\":\"\",\"publisher\":{\"@id\":\"https:\\\/\\\/fit360.ee\\\/en\\\/#organization\"},\"potentialAction\":[{\"@type\":\"SearchAction\",\"target\":{\"@type\":\"EntryPoint\",\"urlTemplate\":\"https:\\\/\\\/fit360.ee\\\/en\\\/?s={search_term_string}\"},\"query-input\":{\"@type\":\"PropertyValueSpecification\",\"valueRequired\":true,\"valueName\":\"search_term_string\"}}],\"inLanguage\":\"en-US\"},{\"@type\":\"Organization\",\"@id\":\"https:\\\/\\\/fit360.ee\\\/en\\\/#organization\",\"name\":\"Fit360\",\"url\":\"https:\\\/\\\/fit360.ee\\\/en\\\/\",\"logo\":{\"@type\":\"ImageObject\",\"inLanguage\":\"en-US\",\"@id\":\"https:\\\/\\\/fit360.ee\\\/en\\\/#\\\/schema\\\/logo\\\/image\\\/\",\"url\":\"https:\\\/\\\/fit360.ee\\\/wp-content\\\/uploads\\\/2017\\\/01\\\/logo-fit360.png\",\"contentUrl\":\"https:\\\/\\\/fit360.ee\\\/wp-content\\\/uploads\\\/2017\\\/01\\\/logo-fit360.png\",\"width\":180,\"height\":66,\"caption\":\"Fit360\"},\"image\":{\"@id\":\"https:\\\/\\\/fit360.ee\\\/en\\\/#\\\/schema\\\/logo\\\/image\\\/\"}}]}<\/script>\n<!-- \/ Yoast SEO plugin. -->","yoast_head_json":{"title":"Amino 8500 (400tbl) - Aminohapped - 18 erinevat Aminohapet - Fit360","description":"Amino 8500 sisaldab 18. erinevat aminohapet! Aitavad s\u00e4ilitada j\u00f5udu ja lihasmassi dieedi ajal. Muudavad treeningu efektiivsemaks. Kiire tarne: 1-3 p\u00e4eva.","robots":{"index":"index","follow":"follow","max-snippet":"max-snippet:-1","max-image-preview":"max-image-preview:large","max-video-preview":"max-video-preview:-1"},"canonical":"https:\/\/fit360.ee\/en\/pood\/product-groups\/amino-acids-bcaa\/bcaa-en\/amino-8500-400-tbl\/","og_locale":"en_US","og_type":"article","og_title":"Amino 8500 (400tbl) - Aminohapped - 18 erinevat Aminohapet - Fit360","og_description":"Amino 8500 sisaldab 18. erinevat aminohapet! Aitavad s\u00e4ilitada j\u00f5udu ja lihasmassi dieedi ajal. Muudavad treeningu efektiivsemaks. Kiire tarne: 1-3 p\u00e4eva.","og_url":"https:\/\/fit360.ee\/en\/pood\/product-groups\/amino-acids-bcaa\/bcaa-en\/amino-8500-400-tbl\/","og_site_name":"Fit360","article_modified_time":"2025-01-03T21:45:47+00:00","og_image":[{"width":800,"height":800,"url":"https:\/\/fit360.ee\/wp-content\/uploads\/2016\/06\/real-pharm-amino-8500-400-tab.png","type":"image\/png"}],"twitter_card":"summary_large_image","twitter_misc":{"Est. reading time":"1 minute"},"schema":{"@context":"https:\/\/schema.org","@graph":[{"@type":"WebPage","@id":"https:\/\/fit360.ee\/en\/pood\/product-groups\/amino-acids-bcaa\/bcaa-en\/amino-8500-400-tbl\/","url":"https:\/\/fit360.ee\/en\/pood\/product-groups\/amino-acids-bcaa\/bcaa-en\/amino-8500-400-tbl\/","name":"Amino 8500 (400tbl) - Aminohapped - 18 erinevat Aminohapet - Fit360","isPartOf":{"@id":"https:\/\/fit360.ee\/en\/#website"},"primaryImageOfPage":{"@id":"https:\/\/fit360.ee\/en\/pood\/product-groups\/amino-acids-bcaa\/bcaa-en\/amino-8500-400-tbl\/#primaryimage"},"image":{"@id":"https:\/\/fit360.ee\/en\/pood\/product-groups\/amino-acids-bcaa\/bcaa-en\/amino-8500-400-tbl\/#primaryimage"},"thumbnailUrl":"https:\/\/fit360.ee\/wp-content\/uploads\/2016\/06\/real-pharm-amino-8500-400-tab.png","datePublished":"2016-06-09T13:15:11+00:00","dateModified":"2025-01-03T21:45:47+00:00","description":"Amino 8500 sisaldab 18. erinevat aminohapet! Aitavad s\u00e4ilitada j\u00f5udu ja lihasmassi dieedi ajal. Muudavad treeningu efektiivsemaks. Kiire tarne: 1-3 p\u00e4eva.","breadcrumb":{"@id":"https:\/\/fit360.ee\/en\/pood\/product-groups\/amino-acids-bcaa\/bcaa-en\/amino-8500-400-tbl\/#breadcrumb"},"inLanguage":"en-US","potentialAction":[{"@type":"ReadAction","target":["https:\/\/fit360.ee\/en\/pood\/product-groups\/amino-acids-bcaa\/bcaa-en\/amino-8500-400-tbl\/"]}]},{"@type":"ImageObject","inLanguage":"en-US","@id":"https:\/\/fit360.ee\/en\/pood\/product-groups\/amino-acids-bcaa\/bcaa-en\/amino-8500-400-tbl\/#primaryimage","url":"https:\/\/fit360.ee\/wp-content\/uploads\/2016\/06\/real-pharm-amino-8500-400-tab.png","contentUrl":"https:\/\/fit360.ee\/wp-content\/uploads\/2016\/06\/real-pharm-amino-8500-400-tab.png","width":800,"height":800,"caption":"Amino 8500 Aminohapped - fit360.ee"},{"@type":"BreadcrumbList","@id":"https:\/\/fit360.ee\/en\/pood\/product-groups\/amino-acids-bcaa\/bcaa-en\/amino-8500-400-tbl\/#breadcrumb","itemListElement":[{"@type":"ListItem","position":1,"name":"Home","item":"https:\/\/fit360.ee\/en\/"},{"@type":"ListItem","position":2,"name":"Shop","item":"https:\/\/fit360.ee\/en\/shop\/"},{"@type":"ListItem","position":3,"name":"Amino 8500 (400 tbl)"}]},{"@type":"WebSite","@id":"https:\/\/fit360.ee\/en\/#website","url":"https:\/\/fit360.ee\/en\/","name":"Fit360","description":"","publisher":{"@id":"https:\/\/fit360.ee\/en\/#organization"},"potentialAction":[{"@type":"SearchAction","target":{"@type":"EntryPoint","urlTemplate":"https:\/\/fit360.ee\/en\/?s={search_term_string}"},"query-input":{"@type":"PropertyValueSpecification","valueRequired":true,"valueName":"search_term_string"}}],"inLanguage":"en-US"},{"@type":"Organization","@id":"https:\/\/fit360.ee\/en\/#organization","name":"Fit360","url":"https:\/\/fit360.ee\/en\/","logo":{"@type":"ImageObject","inLanguage":"en-US","@id":"https:\/\/fit360.ee\/en\/#\/schema\/logo\/image\/","url":"https:\/\/fit360.ee\/wp-content\/uploads\/2017\/01\/logo-fit360.png","contentUrl":"https:\/\/fit360.ee\/wp-content\/uploads\/2017\/01\/logo-fit360.png","width":180,"height":66,"caption":"Fit360"},"image":{"@id":"https:\/\/fit360.ee\/en\/#\/schema\/logo\/image\/"}}]}},"_links":{"self":[{"href":"https:\/\/fit360.ee\/en\/wp-json\/wp\/v2\/product\/9993","targetHints":{"allow":["GET"]}}],"collection":[{"href":"https:\/\/fit360.ee\/en\/wp-json\/wp\/v2\/product"}],"about":[{"href":"https:\/\/fit360.ee\/en\/wp-json\/wp\/v2\/types\/product"}],"replies":[{"embeddable":true,"href":"https:\/\/fit360.ee\/en\/wp-json\/wp\/v2\/comments?post=9993"}],"wp:featuredmedia":[{"embeddable":true,"href":"https:\/\/fit360.ee\/en\/wp-json\/wp\/v2\/media\/28756"}],"wp:attachment":[{"href":"https:\/\/fit360.ee\/en\/wp-json\/wp\/v2\/media?parent=9993"}],"wp:term":[{"taxonomy":"product_brand","embeddable":true,"href":"https:\/\/fit360.ee\/en\/wp-json\/wp\/v2\/product_brand?post=9993"},{"taxonomy":"product_cat","embeddable":true,"href":"https:\/\/fit360.ee\/en\/wp-json\/wp\/v2\/product_cat?post=9993"},{"taxonomy":"product_tag","embeddable":true,"href":"https:\/\/fit360.ee\/en\/wp-json\/wp\/v2\/product_tag?post=9993"},{"taxonomy":"giftcard-category","embeddable":true,"href":"https:\/\/fit360.ee\/en\/wp-json\/wp\/v2\/giftcard-category?post=9993"}],"curies":[{"name":"wp","href":"https:\/\/api.w.org\/{rel}","templated":true}]}}