{"id":89471,"date":"2025-02-09T14:08:46","date_gmt":"2025-02-09T12:08:46","guid":{"rendered":"https:\/\/fit360.ee\/pood\/uncategorized\/iso-zero-100-1000g\/"},"modified":"2026-02-12T16:29:22","modified_gmt":"2026-02-12T14:29:22","slug":"iso-zero-100-1000g","status":"publish","type":"product","link":"https:\/\/fit360.ee\/ru\/pood\/%d0%bf%d0%b8%d1%89%d0%b5%d0%b2%d1%8b%d0%b5-%d0%b4%d0%be%d0%b1%d0%b0%d0%b2%d0%ba%d0%b8-%d0%b1%d1%80%d0%b5%d0%bd%d0%b4%d1%8b\/tesla-ru\/iso-zero-100-1000g\/","title":{"rendered":"Tesla Iso Zero 100 (1000g)"},"content":{"rendered":"<h2><strong>Tesla Iso Zero 100<\/strong><\/h2>\n<p><strong>Laske valla tippj\u00f5udlus Tesla ISO Zero 100-ga \u2013 \u00fclim isolaatvalgupulber<\/strong><\/p>\n<p>T\u00f5stke oma treeningute teekond uutesse k\u00f5rgustesse Tesla ISO Zero 100 abil, mis on asjatundlikult loodud neile, kes n\u00f5uavad parimat valgu kvaliteeti ja t\u00f5husust. See esmaklassiline isolaatvalgupulber on loodud pakkuma puhast, kiiresti imenduvat valku, toetades teie eesm\u00e4rke \u2013 lihaste kasvu ja kiiret taastumist.<\/p>\n<p>See k\u00f5rge v\u00e4\u00e4rtusega valk sobib ideaalselt neile, kes soovivad suurendada ja kasvatada lihasmassi. Isolaat l\u00e4bib t\u00e4iendava t\u00f6\u00f6tluse, mida nimetatakse Cross-Flow mikrofiltreerimiseks, et saada puhtam valk kui vadakukontsentraadist. See eraldab valgu rasvast, kolesteroolist ja laktoosist, mis t\u00e4hendab, et see v\u00f5ib aidata s\u00e4ilitada madalat keharasva taset, aidates samal ajal kaasa k\u00f5hna lihaste \u00fclesehitamisel. \u00dcks portsjon sisaldab 26 g valku ja v\u00e4hem kui 1 g s\u00fcsivesikuid! Gluteenivaba. Iso Pro on saadaval maitsva \u0161okolaadi-kookose-, tiramisu-, vanilje-banaani- ja valge-\u0161okolaadi-maasika maitsega.<\/p>\n<h4><strong>Vadakuvalgu Isolaadi P\u00f5hijooned:<\/strong><\/h4>\n<ul>\n<li><strong>Kvaliteetne isolaatproteiin:<\/strong>\u00a0Tesla ISO Zero 100 on valmistatud kvaliteetse isolaatvalguga, mis tagab k\u00f5rge puhtuse ja tugevuse optimaalse lihastoitumise jaoks.<\/li>\n<li><strong>Null s\u00fcsivesikuid, null rasva:<\/strong>\u00a0see valgupulber sobib suurep\u00e4raselt neile, kes j\u00e4rgivad ranget toitumisre\u017eiimi, ei sisalda s\u00fcsivesikuid ega rasvu, mist\u00f5ttu on see suurep\u00e4rane valik lihaste \u00fclesehitamiseks ilma liigsete kaloriteta.<\/li>\n<li><strong>Kiire imendumine:<\/strong>\u00a0loodud kiireks imendumiseks, toimetab teie lihastesse kiiresti asendamatud aminohapped, mis on ideaalne treeningj\u00e4rgseks taastumiseks ja lihaste taastamiseks.<\/li>\n<li><strong>Toetab k\u00f5hnade lihaste kasvu:<\/strong>\u00a0k\u00f5rge valgusisaldus aitab kaasa lihaste kasvule ja s\u00e4ilitamisele, mist\u00f5ttu sobib see kulturistidele, sportlastele ja fitness-entusiastidele.<\/li>\n<li><strong>Mitmek\u00fclgne ja mugav:<\/strong>\u00a0Tesla ISO Zero 100 on h\u00f5lpsasti segatav vee v\u00f5i lemmikjoogiga \u2013 see on mugav lisa teie igap\u00e4evaellu, olgu siis kodus, j\u00f5usaalis v\u00f5i liikvel olles.<\/li>\n<\/ul>\n<p><strong>Eelised:<\/strong><\/p>\n<ul>\n<li><strong>T\u00e4iustatud lihaste taastumine:<\/strong>\u00a0kiirendab taastumisaega, v\u00e4hendades lihaste valulikkust ja taastades kiiresti lihaskiud.<\/li>\n<li><strong>Lahja lihaste arendamine:<\/strong>\u00a0aitab kaasa lahja lihasmassi arengule, aidates teil saavutada toonuses ja kindla kehaehituse.<\/li>\n<li><strong>Dieedis\u00f5bralik:<\/strong>\u00a0ilma s\u00fcsivesikute ja rasvadeta on see ideaalne neile, kes j\u00e4rgivad ketogeenset, madala s\u00fcsivesikusisaldusega v\u00f5i muid spetsiifilisi toitumiskavasid.<\/li>\n<\/ul>\n<p><strong>Lihtne segada ja nautida:<\/strong><\/p>\n<p>Tesla ISO Zero 100 pole mitte ainult t\u00f5hus, vaid ka r\u00f5\u00f5m tarbida. See seguneb sujuvalt, pakkudes maitsvat ja rahuldavat valgujooki ilma t\u00fckkide v\u00f5i s\u00f5mera tekstuurita.<\/p>\n<p><strong>Fitnessihuvilistele m\u00f5eldud m\u00e4ngumuutus:<\/strong><\/p>\n<p>\u00dcksk\u00f5ik, kas soovite lihasmassi kasvatada, toonust v\u00e4hendada v\u00f5i lihtsalt s\u00e4ilitada tervet lihasmassi, Tesla ISO Zero 100 on teie valgulisand. Selle puhtus, t\u00f5husus ja kasutuslihtsus muudavad selle valgupulbrite maailmas silmapaistvaks valikuks.<\/p>\n<p>Tugevdage oma treeninguid Tesla ISO Zero 100-ga \u2013 puhas, v\u00f5imas ja t\u00e4iuslik partner teie lihaste kasvatamise ja taastumise vajaduste jaoks.<\/p>\n<p><strong>P\u00f5hiomadused:<\/strong><\/p>\n<ul>\n<li><strong>Kvaliteetne isolaatproteiin:<\/strong>\u00a0Tesla ISO Zero 100 on valmistatud kvaliteetse isolaatvalguga, mis tagab k\u00f5rge puhtuse ja tugevuse optimaalse lihastoitumise jaoks.<\/li>\n<li><strong>Null s\u00fcsivesikuid, null rasva:<\/strong>\u00a0see valgupulber sobib suurep\u00e4raselt neile, kes j\u00e4rgivad ranget toitumisre\u017eiimi, ei sisalda s\u00fcsivesikuid ega rasvu, mist\u00f5ttu on see suurep\u00e4rane valik lihaste \u00fclesehitamiseks ilma liigsete kaloriteta.<\/li>\n<li><strong>Kiire imendumine:<\/strong>\u00a0loodud kiireks imendumiseks, toimetab teie lihastesse kiiresti asendamatud aminohapped, mis on ideaalne treeningj\u00e4rgseks taastumiseks ja lihaste taastamiseks.<\/li>\n<li><strong>Toetab k\u00f5hnade lihaste kasvu:<\/strong>\u00a0k\u00f5rge valgusisaldus aitab kaasa lihaste kasvule ja s\u00e4ilitamisele, mist\u00f5ttu sobib see kulturistidele, sportlastele ja fitness-entusiastidele.<\/li>\n<li><strong>Mitmek\u00fclgne ja mugav:<\/strong>\u00a0Tesla ISO Zero 100 on h\u00f5lpsasti segatav vee v\u00f5i lemmikjoogiga \u2013 see on mugav lisa teie igap\u00e4evaellu, olgu siis kodus, j\u00f5usaalis v\u00f5i liikvel olles.<\/li>\n<\/ul>\n<p><strong>Eelised:<\/strong><\/p>\n<ul>\n<li><strong>T\u00e4iustatud lihaste taastumine:<\/strong>\u00a0kiirendab taastumisaega, v\u00e4hendades lihaste valulikkust ja taastades kiiresti lihaskiud.<\/li>\n<li><strong>Lahja lihaste arendamine:<\/strong>\u00a0aitab kaasa lahja lihasmassi arengule, aidates teil saavutada toonuses ja kindla kehaehituse.<\/li>\n<li><strong>Dieedis\u00f5bralik:<\/strong>\u00a0ilma s\u00fcsivesikute ja rasvadeta on see ideaalne neile, kes j\u00e4rgivad ketogeenset, madala s\u00fcsivesikusisaldusega v\u00f5i muid spetsiifilisi toitumiskavasid.<\/li>\n<\/ul>\n<p><strong>Lihtne segada ja nautida:<\/strong><\/p>\n<p>Tesla ISO Zero 100 pole mitte ainult t\u00f5hus, vaid ka r\u00f5\u00f5m tarbida. See seguneb sujuvalt, pakkudes maitsvat ja rahuldavat valgujooki ilma t\u00fckkide v\u00f5i s\u00f5mera tekstuurita.<\/p>\n<h4><strong>Fitnessihuvilistele m\u00f5eldud m\u00e4ngumuutus:<\/strong><\/h4>\n<p>\u00dcksk\u00f5ik, kas soovite lihasmassi kasvatada, toonust v\u00e4hendada v\u00f5i lihtsalt s\u00e4ilitada tervet lihasmassi, Tesla ISO Zero 100 on teie valgulisand. Selle puhtus, t\u00f5husus ja kasutuslihtsus muudavad selle valgupulbrite maailmas silmapaistvaks valikuks.<\/p>\n<p>Tugevdage oma treeninguid Tesla ISO Zero 100-ga \u2013 puhas, v\u00f5imas ja t\u00e4iuslik partner teie lihaste kasvatamise ja taastumise vajaduste jaoks.<\/p>\n<p><strong>Koostisosad<\/strong>: Valgumaatriks (vadakuvalgu isolaat, h\u00fcdrol\u00fc\u00fcsitud vadakuvalgu isolaat, Cross Flow mikrofiltreeritud vadakuvalgu kontsentraat, kooritud kakaopulber (12%), l\u00f5hna- ja maitseained, emulgaator (naatriumkarboks\u00fcmet\u00fc\u00fcl Tselluloos), magusaine (sukraloos, atsesulfaam-k), vanillikristall, laktaasens\u00fc\u00fcm (Aspergillus sp. 65000 UG).<\/p>\n<p><strong>Kasutamine<\/strong>: Sega \u00fcks m\u00f5\u00f5telusikas (30g) 300ml vee v\u00f5i piimaga.<\/p>\n<p><strong>Suurus<\/strong>: 1000g<\/p>\n<p><a href=\"https:\/\/fit360.ee\/wp-content\/uploads\/2024\/07\/tesla-iso-zero-100-valguisolaat-fit360.ee_.png\"><img loading=\"lazy\" decoding=\"async\" class=\"size-full wp-image-81355\" src=\"https:\/\/fit360.ee\/wp-content\/uploads\/2024\/07\/tesla-iso-zero-100-valguisolaat-fit360.ee_.png\" alt=\"tesla iso zero 100 valguisolaat - fit360.ee\" width=\"311\" height=\"310\" srcset=\"https:\/\/fit360.ee\/wp-content\/uploads\/2024\/07\/tesla-iso-zero-100-valguisolaat-fit360.ee_.png 311w, https:\/\/fit360.ee\/wp-content\/uploads\/2024\/07\/tesla-iso-zero-100-valguisolaat-fit360.ee_-247x247.png 247w, https:\/\/fit360.ee\/wp-content\/uploads\/2024\/07\/tesla-iso-zero-100-valguisolaat-fit360.ee_-100x100.png 100w\" sizes=\"auto, (max-width: 311px) 100vw, 311px\" \/><\/a><\/p>\n<p>&nbsp;<\/p>\n<p>Vaata ka meie teisi Valgupulbreid <a href=\"https:\/\/fit360.ee\/ru\/product-category\/%d0%bf%d0%b8%d1%89%d0%b5%d0%b2%d1%8b%d0%b5-%d0%b4%d0%be%d0%b1%d0%b0%d0%b2%d0%ba%d0%b8\/proteiinipulbrid-valgupulbrid-ru\/\"><strong>SIIT<\/strong><\/a> v\u00f5i Isolaadi Valgupulbreid <a href=\"https:\/\/fit360.ee\/ru\/product-category\/%d0%bf%d0%b8%d1%89%d0%b5%d0%b2%d1%8b%d0%b5-%d0%b4%d0%be%d0%b1%d0%b0%d0%b2%d0%ba%d0%b8\/proteiinipulbrid-valgupulbrid-ru\/vadakuvalgu-isolaat-ru\/\"><strong>SIIT<\/strong><\/a>!<\/p>\n<p>Soovid kaupa osta suuremas koguses? Vaata antud toodet ka meie HULGI poest\u00a0<a href=\"https:\/\/toidulisandidhulgi.ee\/tooted\/iso-zero-100-1000g\/\"><strong>SIIT<\/strong><\/a>!<\/p>\n","protected":false},"excerpt":{"rendered":"<ul>\n<li>Kvaliteetne isolaatproteiin<\/li>\n<li>Null s\u00fcsivesikuid<\/li>\n<li>Null rasva<\/li>\n<li>Kiire imendumine<\/li>\n<li>Toetab k\u00f5hnade lihaste kasvu<\/li>\n<li>Mitmek\u00fclgne ja mugav<\/li>\n<\/ul>\n","protected":false},"featured_media":89472,"comment_status":"open","ping_status":"closed","template":"","meta":[],"product_brand":[],"product_cat":[5868,5872,5869,5870,5871],"product_tag":[5873,5874,5875,5876],"giftcard-category":[],"class_list":{"0":"post-89471","1":"product","2":"type-product","3":"status-publish","4":"has-post-thumbnail","6":"product_cat-taastajadpeale-trenni-ru","7":"product_cat-tesla-ru","8":"product_cat-vadakuvalgu-isolaat-ru","9":"product_cat-vadakuvalk-ru","10":"product_cat-proteiinipulbrid-valgupulbrid-ru","11":"product_tag-iso-zero-ru","12":"product_tag-iso-zero-100-ru","13":"product_tag-tesla-ru","14":"product_tag-tesla-iso-zero-ru","15":"pa_kogus-1000g-ru","16":"pa_maitse-5879","17":"pa_maitse-vaarikajogurti","18":"pa_maitse-stracciatella-ru","19":"pa_maitse-sokolaad-ru","20":"pa_toidulisand-branddd-5881","21":"pa_tootegruppp-5884","22":"pa_tootegruppp-taastajadpeale-trenni-ru","23":"pa_tootegruppp-5882","24":"pa_tootegruppp-5883","26":"first","27":"instock","28":"sale","29":"taxable","30":"shipping-taxable","31":"purchasable","32":"product-type-variable"},"yoast_head":"<!-- This site is optimized with the Yoast SEO plugin v27.3 - https:\/\/yoast.com\/product\/yoast-seo-wordpress\/ -->\n<title>Tesla Iso Zero 100 (1000g) - 100% puhas valguisolaat - Kiire Tarne - Fit360<\/title>\n<meta name=\"description\" content=\"Tesla ISO Zero 100 on asjatundlikult loodud neile, kes n\u00f5uavad parimat valgu kvaliteeti ja t\u00f5husust. See esmaklassiline isolaatvalgupulber on loodud pakku..\" \/>\n<meta name=\"robots\" content=\"index, follow, max-snippet:-1, max-image-preview:large, max-video-preview:-1\" \/>\n<link rel=\"canonical\" href=\"https:\/\/fit360.ee\/ru\/pood\/\u043f\u0438\u0449\u0435\u0432\u044b\u0435-\u0434\u043e\u0431\u0430\u0432\u043a\u0438-\u0431\u0440\u0435\u043d\u0434\u044b\/tesla-ru\/iso-zero-100-1000g\/\" \/>\n<meta property=\"og:locale\" content=\"ru_RU\" \/>\n<meta property=\"og:type\" content=\"article\" \/>\n<meta property=\"og:title\" content=\"Tesla Iso Zero 100 (1000g) - 100% puhas valguisolaat - Kiire Tarne - Fit360\" \/>\n<meta property=\"og:description\" content=\"Tesla ISO Zero 100 on asjatundlikult loodud neile, kes n\u00f5uavad parimat valgu kvaliteeti ja t\u00f5husust. See esmaklassiline isolaatvalgupulber on loodud pakku..\" \/>\n<meta property=\"og:url\" content=\"https:\/\/fit360.ee\/ru\/pood\/\u043f\u0438\u0449\u0435\u0432\u044b\u0435-\u0434\u043e\u0431\u0430\u0432\u043a\u0438-\u0431\u0440\u0435\u043d\u0434\u044b\/tesla-ru\/iso-zero-100-1000g\/\" \/>\n<meta property=\"og:site_name\" content=\"Fit360\" \/>\n<meta property=\"article:modified_time\" content=\"2026-02-12T14:29:22+00:00\" \/>\n<meta property=\"og:image\" content=\"https:\/\/fit360.ee\/wp-content\/uploads\/2024\/07\/tesla-iso-zero-whey-fit360.ee_.jpg\" \/>\n\t<meta property=\"og:image:width\" content=\"1500\" \/>\n\t<meta property=\"og:image:height\" content=\"1500\" \/>\n\t<meta property=\"og:image:type\" content=\"image\/jpeg\" \/>\n<meta name=\"twitter:card\" content=\"summary_large_image\" \/>\n<meta name=\"twitter:label1\" content=\"\u041f\u0440\u0438\u043c\u0435\u0440\u043d\u043e\u0435 \u0432\u0440\u0435\u043c\u044f \u0434\u043b\u044f \u0447\u0442\u0435\u043d\u0438\u044f\" \/>\n\t<meta name=\"twitter:data1\" content=\"5 \u043c\u0438\u043d\u0443\u0442\" \/>\n<script type=\"application\/ld+json\" class=\"yoast-schema-graph\">{\"@context\":\"https:\\\/\\\/schema.org\",\"@graph\":[{\"@type\":\"WebPage\",\"@id\":\"https:\\\/\\\/fit360.ee\\\/ru\\\/pood\\\/%d0%bf%d0%b8%d1%89%d0%b5%d0%b2%d1%8b%d0%b5-%d0%b4%d0%be%d0%b1%d0%b0%d0%b2%d0%ba%d0%b8-%d0%b1%d1%80%d0%b5%d0%bd%d0%b4%d1%8b\\\/tesla-ru\\\/iso-zero-100-1000g\\\/\",\"url\":\"https:\\\/\\\/fit360.ee\\\/ru\\\/pood\\\/%d0%bf%d0%b8%d1%89%d0%b5%d0%b2%d1%8b%d0%b5-%d0%b4%d0%be%d0%b1%d0%b0%d0%b2%d0%ba%d0%b8-%d0%b1%d1%80%d0%b5%d0%bd%d0%b4%d1%8b\\\/tesla-ru\\\/iso-zero-100-1000g\\\/\",\"name\":\"Tesla Iso Zero 100 (1000g) - 100% puhas valguisolaat - Kiire Tarne - Fit360\",\"isPartOf\":{\"@id\":\"https:\\\/\\\/fit360.ee\\\/en\\\/#website\"},\"primaryImageOfPage\":{\"@id\":\"https:\\\/\\\/fit360.ee\\\/ru\\\/pood\\\/%d0%bf%d0%b8%d1%89%d0%b5%d0%b2%d1%8b%d0%b5-%d0%b4%d0%be%d0%b1%d0%b0%d0%b2%d0%ba%d0%b8-%d0%b1%d1%80%d0%b5%d0%bd%d0%b4%d1%8b\\\/tesla-ru\\\/iso-zero-100-1000g\\\/#primaryimage\"},\"image\":{\"@id\":\"https:\\\/\\\/fit360.ee\\\/ru\\\/pood\\\/%d0%bf%d0%b8%d1%89%d0%b5%d0%b2%d1%8b%d0%b5-%d0%b4%d0%be%d0%b1%d0%b0%d0%b2%d0%ba%d0%b8-%d0%b1%d1%80%d0%b5%d0%bd%d0%b4%d1%8b\\\/tesla-ru\\\/iso-zero-100-1000g\\\/#primaryimage\"},\"thumbnailUrl\":\"https:\\\/\\\/fit360.ee\\\/wp-content\\\/uploads\\\/2024\\\/07\\\/tesla-iso-zero-whey-fit360.ee_.jpg\",\"datePublished\":\"2025-02-09T12:08:46+00:00\",\"dateModified\":\"2026-02-12T14:29:22+00:00\",\"description\":\"Tesla ISO Zero 100 on asjatundlikult loodud neile, kes n\u00f5uavad parimat valgu kvaliteeti ja t\u00f5husust. See esmaklassiline isolaatvalgupulber on loodud pakku..\",\"breadcrumb\":{\"@id\":\"https:\\\/\\\/fit360.ee\\\/ru\\\/pood\\\/%d0%bf%d0%b8%d1%89%d0%b5%d0%b2%d1%8b%d0%b5-%d0%b4%d0%be%d0%b1%d0%b0%d0%b2%d0%ba%d0%b8-%d0%b1%d1%80%d0%b5%d0%bd%d0%b4%d1%8b\\\/tesla-ru\\\/iso-zero-100-1000g\\\/#breadcrumb\"},\"inLanguage\":\"ru-RU\",\"potentialAction\":[{\"@type\":\"ReadAction\",\"target\":[\"https:\\\/\\\/fit360.ee\\\/ru\\\/pood\\\/%d0%bf%d0%b8%d1%89%d0%b5%d0%b2%d1%8b%d0%b5-%d0%b4%d0%be%d0%b1%d0%b0%d0%b2%d0%ba%d0%b8-%d0%b1%d1%80%d0%b5%d0%bd%d0%b4%d1%8b\\\/tesla-ru\\\/iso-zero-100-1000g\\\/\"]}]},{\"@type\":\"ImageObject\",\"inLanguage\":\"ru-RU\",\"@id\":\"https:\\\/\\\/fit360.ee\\\/ru\\\/pood\\\/%d0%bf%d0%b8%d1%89%d0%b5%d0%b2%d1%8b%d0%b5-%d0%b4%d0%be%d0%b1%d0%b0%d0%b2%d0%ba%d0%b8-%d0%b1%d1%80%d0%b5%d0%bd%d0%b4%d1%8b\\\/tesla-ru\\\/iso-zero-100-1000g\\\/#primaryimage\",\"url\":\"https:\\\/\\\/fit360.ee\\\/wp-content\\\/uploads\\\/2024\\\/07\\\/tesla-iso-zero-whey-fit360.ee_.jpg\",\"contentUrl\":\"https:\\\/\\\/fit360.ee\\\/wp-content\\\/uploads\\\/2024\\\/07\\\/tesla-iso-zero-whey-fit360.ee_.jpg\",\"width\":1500,\"height\":1500,\"caption\":\"tesla iso zero whey - fit360.ee\"},{\"@type\":\"BreadcrumbList\",\"@id\":\"https:\\\/\\\/fit360.ee\\\/ru\\\/pood\\\/%d0%bf%d0%b8%d1%89%d0%b5%d0%b2%d1%8b%d0%b5-%d0%b4%d0%be%d0%b1%d0%b0%d0%b2%d0%ba%d0%b8-%d0%b1%d1%80%d0%b5%d0%bd%d0%b4%d1%8b\\\/tesla-ru\\\/iso-zero-100-1000g\\\/#breadcrumb\",\"itemListElement\":[{\"@type\":\"ListItem\",\"position\":1,\"name\":\"Home\",\"item\":\"https:\\\/\\\/fit360.ee\\\/ru\\\/\"},{\"@type\":\"ListItem\",\"position\":2,\"name\":\"\u041c\u0430\u0433\u0430\u0437\u0438\u043d\",\"item\":\"https:\\\/\\\/fit360.ee\\\/pood\\\/\"},{\"@type\":\"ListItem\",\"position\":3,\"name\":\"Tesla Iso Zero 100 (1000g)\"}]},{\"@type\":\"WebSite\",\"@id\":\"https:\\\/\\\/fit360.ee\\\/en\\\/#website\",\"url\":\"https:\\\/\\\/fit360.ee\\\/en\\\/\",\"name\":\"Fit360\",\"description\":\"\",\"publisher\":{\"@id\":\"https:\\\/\\\/fit360.ee\\\/en\\\/#organization\"},\"potentialAction\":[{\"@type\":\"SearchAction\",\"target\":{\"@type\":\"EntryPoint\",\"urlTemplate\":\"https:\\\/\\\/fit360.ee\\\/en\\\/?s={search_term_string}\"},\"query-input\":{\"@type\":\"PropertyValueSpecification\",\"valueRequired\":true,\"valueName\":\"search_term_string\"}}],\"inLanguage\":\"ru-RU\"},{\"@type\":\"Organization\",\"@id\":\"https:\\\/\\\/fit360.ee\\\/en\\\/#organization\",\"name\":\"Fit360\",\"url\":\"https:\\\/\\\/fit360.ee\\\/en\\\/\",\"logo\":{\"@type\":\"ImageObject\",\"inLanguage\":\"ru-RU\",\"@id\":\"https:\\\/\\\/fit360.ee\\\/en\\\/#\\\/schema\\\/logo\\\/image\\\/\",\"url\":\"https:\\\/\\\/fit360.ee\\\/wp-content\\\/uploads\\\/2017\\\/01\\\/logo-fit360.png\",\"contentUrl\":\"https:\\\/\\\/fit360.ee\\\/wp-content\\\/uploads\\\/2017\\\/01\\\/logo-fit360.png\",\"width\":180,\"height\":66,\"caption\":\"Fit360\"},\"image\":{\"@id\":\"https:\\\/\\\/fit360.ee\\\/en\\\/#\\\/schema\\\/logo\\\/image\\\/\"}}]}<\/script>\n<!-- \/ Yoast SEO plugin. -->","yoast_head_json":{"title":"Tesla Iso Zero 100 (1000g) - 100% puhas valguisolaat - Kiire Tarne - Fit360","description":"Tesla ISO Zero 100 on asjatundlikult loodud neile, kes n\u00f5uavad parimat valgu kvaliteeti ja t\u00f5husust. See esmaklassiline isolaatvalgupulber on loodud pakku..","robots":{"index":"index","follow":"follow","max-snippet":"max-snippet:-1","max-image-preview":"max-image-preview:large","max-video-preview":"max-video-preview:-1"},"canonical":"https:\/\/fit360.ee\/ru\/pood\/\u043f\u0438\u0449\u0435\u0432\u044b\u0435-\u0434\u043e\u0431\u0430\u0432\u043a\u0438-\u0431\u0440\u0435\u043d\u0434\u044b\/tesla-ru\/iso-zero-100-1000g\/","og_locale":"ru_RU","og_type":"article","og_title":"Tesla Iso Zero 100 (1000g) - 100% puhas valguisolaat - Kiire Tarne - Fit360","og_description":"Tesla ISO Zero 100 on asjatundlikult loodud neile, kes n\u00f5uavad parimat valgu kvaliteeti ja t\u00f5husust. See esmaklassiline isolaatvalgupulber on loodud pakku..","og_url":"https:\/\/fit360.ee\/ru\/pood\/\u043f\u0438\u0449\u0435\u0432\u044b\u0435-\u0434\u043e\u0431\u0430\u0432\u043a\u0438-\u0431\u0440\u0435\u043d\u0434\u044b\/tesla-ru\/iso-zero-100-1000g\/","og_site_name":"Fit360","article_modified_time":"2026-02-12T14:29:22+00:00","og_image":[{"width":1500,"height":1500,"url":"https:\/\/fit360.ee\/wp-content\/uploads\/2024\/07\/tesla-iso-zero-whey-fit360.ee_.jpg","type":"image\/jpeg"}],"twitter_card":"summary_large_image","twitter_misc":{"\u041f\u0440\u0438\u043c\u0435\u0440\u043d\u043e\u0435 \u0432\u0440\u0435\u043c\u044f \u0434\u043b\u044f \u0447\u0442\u0435\u043d\u0438\u044f":"5 \u043c\u0438\u043d\u0443\u0442"},"schema":{"@context":"https:\/\/schema.org","@graph":[{"@type":"WebPage","@id":"https:\/\/fit360.ee\/ru\/pood\/%d0%bf%d0%b8%d1%89%d0%b5%d0%b2%d1%8b%d0%b5-%d0%b4%d0%be%d0%b1%d0%b0%d0%b2%d0%ba%d0%b8-%d0%b1%d1%80%d0%b5%d0%bd%d0%b4%d1%8b\/tesla-ru\/iso-zero-100-1000g\/","url":"https:\/\/fit360.ee\/ru\/pood\/%d0%bf%d0%b8%d1%89%d0%b5%d0%b2%d1%8b%d0%b5-%d0%b4%d0%be%d0%b1%d0%b0%d0%b2%d0%ba%d0%b8-%d0%b1%d1%80%d0%b5%d0%bd%d0%b4%d1%8b\/tesla-ru\/iso-zero-100-1000g\/","name":"Tesla Iso Zero 100 (1000g) - 100% puhas valguisolaat - Kiire Tarne - Fit360","isPartOf":{"@id":"https:\/\/fit360.ee\/en\/#website"},"primaryImageOfPage":{"@id":"https:\/\/fit360.ee\/ru\/pood\/%d0%bf%d0%b8%d1%89%d0%b5%d0%b2%d1%8b%d0%b5-%d0%b4%d0%be%d0%b1%d0%b0%d0%b2%d0%ba%d0%b8-%d0%b1%d1%80%d0%b5%d0%bd%d0%b4%d1%8b\/tesla-ru\/iso-zero-100-1000g\/#primaryimage"},"image":{"@id":"https:\/\/fit360.ee\/ru\/pood\/%d0%bf%d0%b8%d1%89%d0%b5%d0%b2%d1%8b%d0%b5-%d0%b4%d0%be%d0%b1%d0%b0%d0%b2%d0%ba%d0%b8-%d0%b1%d1%80%d0%b5%d0%bd%d0%b4%d1%8b\/tesla-ru\/iso-zero-100-1000g\/#primaryimage"},"thumbnailUrl":"https:\/\/fit360.ee\/wp-content\/uploads\/2024\/07\/tesla-iso-zero-whey-fit360.ee_.jpg","datePublished":"2025-02-09T12:08:46+00:00","dateModified":"2026-02-12T14:29:22+00:00","description":"Tesla ISO Zero 100 on asjatundlikult loodud neile, kes n\u00f5uavad parimat valgu kvaliteeti ja t\u00f5husust. See esmaklassiline isolaatvalgupulber on loodud pakku..","breadcrumb":{"@id":"https:\/\/fit360.ee\/ru\/pood\/%d0%bf%d0%b8%d1%89%d0%b5%d0%b2%d1%8b%d0%b5-%d0%b4%d0%be%d0%b1%d0%b0%d0%b2%d0%ba%d0%b8-%d0%b1%d1%80%d0%b5%d0%bd%d0%b4%d1%8b\/tesla-ru\/iso-zero-100-1000g\/#breadcrumb"},"inLanguage":"ru-RU","potentialAction":[{"@type":"ReadAction","target":["https:\/\/fit360.ee\/ru\/pood\/%d0%bf%d0%b8%d1%89%d0%b5%d0%b2%d1%8b%d0%b5-%d0%b4%d0%be%d0%b1%d0%b0%d0%b2%d0%ba%d0%b8-%d0%b1%d1%80%d0%b5%d0%bd%d0%b4%d1%8b\/tesla-ru\/iso-zero-100-1000g\/"]}]},{"@type":"ImageObject","inLanguage":"ru-RU","@id":"https:\/\/fit360.ee\/ru\/pood\/%d0%bf%d0%b8%d1%89%d0%b5%d0%b2%d1%8b%d0%b5-%d0%b4%d0%be%d0%b1%d0%b0%d0%b2%d0%ba%d0%b8-%d0%b1%d1%80%d0%b5%d0%bd%d0%b4%d1%8b\/tesla-ru\/iso-zero-100-1000g\/#primaryimage","url":"https:\/\/fit360.ee\/wp-content\/uploads\/2024\/07\/tesla-iso-zero-whey-fit360.ee_.jpg","contentUrl":"https:\/\/fit360.ee\/wp-content\/uploads\/2024\/07\/tesla-iso-zero-whey-fit360.ee_.jpg","width":1500,"height":1500,"caption":"tesla iso zero whey - fit360.ee"},{"@type":"BreadcrumbList","@id":"https:\/\/fit360.ee\/ru\/pood\/%d0%bf%d0%b8%d1%89%d0%b5%d0%b2%d1%8b%d0%b5-%d0%b4%d0%be%d0%b1%d0%b0%d0%b2%d0%ba%d0%b8-%d0%b1%d1%80%d0%b5%d0%bd%d0%b4%d1%8b\/tesla-ru\/iso-zero-100-1000g\/#breadcrumb","itemListElement":[{"@type":"ListItem","position":1,"name":"Home","item":"https:\/\/fit360.ee\/ru\/"},{"@type":"ListItem","position":2,"name":"\u041c\u0430\u0433\u0430\u0437\u0438\u043d","item":"https:\/\/fit360.ee\/pood\/"},{"@type":"ListItem","position":3,"name":"Tesla Iso Zero 100 (1000g)"}]},{"@type":"WebSite","@id":"https:\/\/fit360.ee\/en\/#website","url":"https:\/\/fit360.ee\/en\/","name":"Fit360","description":"","publisher":{"@id":"https:\/\/fit360.ee\/en\/#organization"},"potentialAction":[{"@type":"SearchAction","target":{"@type":"EntryPoint","urlTemplate":"https:\/\/fit360.ee\/en\/?s={search_term_string}"},"query-input":{"@type":"PropertyValueSpecification","valueRequired":true,"valueName":"search_term_string"}}],"inLanguage":"ru-RU"},{"@type":"Organization","@id":"https:\/\/fit360.ee\/en\/#organization","name":"Fit360","url":"https:\/\/fit360.ee\/en\/","logo":{"@type":"ImageObject","inLanguage":"ru-RU","@id":"https:\/\/fit360.ee\/en\/#\/schema\/logo\/image\/","url":"https:\/\/fit360.ee\/wp-content\/uploads\/2017\/01\/logo-fit360.png","contentUrl":"https:\/\/fit360.ee\/wp-content\/uploads\/2017\/01\/logo-fit360.png","width":180,"height":66,"caption":"Fit360"},"image":{"@id":"https:\/\/fit360.ee\/en\/#\/schema\/logo\/image\/"}}]}},"_links":{"self":[{"href":"https:\/\/fit360.ee\/ru\/wp-json\/wp\/v2\/product\/89471","targetHints":{"allow":["GET"]}}],"collection":[{"href":"https:\/\/fit360.ee\/ru\/wp-json\/wp\/v2\/product"}],"about":[{"href":"https:\/\/fit360.ee\/ru\/wp-json\/wp\/v2\/types\/product"}],"replies":[{"embeddable":true,"href":"https:\/\/fit360.ee\/ru\/wp-json\/wp\/v2\/comments?post=89471"}],"wp:featuredmedia":[{"embeddable":true,"href":"https:\/\/fit360.ee\/ru\/wp-json\/wp\/v2\/media\/89472"}],"wp:attachment":[{"href":"https:\/\/fit360.ee\/ru\/wp-json\/wp\/v2\/media?parent=89471"}],"wp:term":[{"taxonomy":"product_brand","embeddable":true,"href":"https:\/\/fit360.ee\/ru\/wp-json\/wp\/v2\/product_brand?post=89471"},{"taxonomy":"product_cat","embeddable":true,"href":"https:\/\/fit360.ee\/ru\/wp-json\/wp\/v2\/product_cat?post=89471"},{"taxonomy":"product_tag","embeddable":true,"href":"https:\/\/fit360.ee\/ru\/wp-json\/wp\/v2\/product_tag?post=89471"},{"taxonomy":"giftcard-category","embeddable":true,"href":"https:\/\/fit360.ee\/ru\/wp-json\/wp\/v2\/giftcard-category?post=89471"}],"curies":[{"name":"wp","href":"https:\/\/api.w.org\/{rel}","templated":true}]}}